{"id":801,"date":"2013-06-05T16:29:11","date_gmt":"2013-06-05T16:29:11","guid":{"rendered":"http:\/\/www.salz-exklusiv.de\/?page_id=801"},"modified":"2014-04-05T11:39:31","modified_gmt":"2014-04-05T11:39:31","slug":"fisch-salz-2","status":"publish","type":"page","link":"http:\/\/www.salz-exklusiv.de\/?page_id=801","title":{"rendered":"Fisch Salz"},"content":{"rendered":"<p><a href=\"http:\/\/www.salz-exklusiv.de\/wp-content\/uploads\/BG-Him1.png\"><img loading=\"lazy\" class=\"aligncenter size-full wp-image-520\" title=\"BG-Him\" alt=\"\" src=\"http:\/\/www.salz-exklusiv.de\/wp-content\/uploads\/BG-Him1.png\" width=\"600\" height=\"150\" srcset=\"http:\/\/www.salz-exklusiv.de\/wp-content\/uploads\/BG-Him1.png 600w, http:\/\/www.salz-exklusiv.de\/wp-content\/uploads\/BG-Him1-300x75.png 300w\" sizes=\"(max-width: 600px) 100vw, 600px\" \/><\/a><\/p>\n<h1><span style=\"color: #ff6600;\">Veredelt Ihre Fischgerichte.<\/span><\/h1>\n<h5><strong>Zutaten:<\/strong><\/h5>\n<h5>HalitK\u00f6nigsSalz, Zitronenschale, Zwiebelgranulat, Knoblauchgranulat, Pfeffer, Dill, Rosmarin, Lorbeerblatt.<\/h5>\n<p><span style=\"color: #888888;\">Das \u201ewei\u00dfe Gold\u201c \u2013 HalitSalz bildet die Grundlage unserer Gew\u00fcrzSalze. Die Kr\u00e4uter werden weder begast noch bestrahlt oder anderweitig behandelt. Es wird kein gentechnisch ver\u00e4ndertes Saatgut verwendet. <strong><span style=\"text-decoration: underline;\">Alle Kr\u00e4uter stammen aus kontrolliert biologischem Anbau.<\/span><\/strong> Genie\u00dfen Sie verschiedene Gew\u00fcrzrichtungen.<\/span><\/p>\n<p>&nbsp;<\/p>\n<div><\/div>\n<p>&nbsp;<\/p>\n<div><\/div>\n<p>&nbsp;<\/p>\n<p>&nbsp;<\/p>\n","protected":false},"excerpt":{"rendered":"<p>Veredelt Ihre Fischgerichte. Zutaten: HalitK\u00f6nigsSalz, Zitronenschale, Zwiebelgranulat, Knoblauchgranulat, Pfeffer, Dill, Rosmarin, Lorbeerblatt. Das \u201ewei\u00dfe Gold\u201c \u2013 HalitSalz bildet die Grundlage unserer Gew\u00fcrzSalze. Die Kr\u00e4uter werden weder begast noch bestrahlt oder anderweitig behandelt. Es wird kein gentechnisch ver\u00e4ndertes Saatgut verwendet. Alle Kr\u00e4uter stammen aus kontrolliert biologischem Anbau. Genie\u00dfen Sie verschiedene Gew\u00fcrzrichtungen. &nbsp; &nbsp; &nbsp; &nbsp;<\/p>\n","protected":false},"author":1,"featured_media":0,"parent":188,"menu_order":0,"comment_status":"closed","ping_status":"closed","template":"","meta":[],"_links":{"self":[{"href":"http:\/\/www.salz-exklusiv.de\/index.php?rest_route=\/wp\/v2\/pages\/801"}],"collection":[{"href":"http:\/\/www.salz-exklusiv.de\/index.php?rest_route=\/wp\/v2\/pages"}],"about":[{"href":"http:\/\/www.salz-exklusiv.de\/index.php?rest_route=\/wp\/v2\/types\/page"}],"author":[{"embeddable":true,"href":"http:\/\/www.salz-exklusiv.de\/index.php?rest_route=\/wp\/v2\/users\/1"}],"replies":[{"embeddable":true,"href":"http:\/\/www.salz-exklusiv.de\/index.php?rest_route=%2Fwp%2Fv2%2Fcomments&post=801"}],"version-history":[{"count":5,"href":"http:\/\/www.salz-exklusiv.de\/index.php?rest_route=\/wp\/v2\/pages\/801\/revisions"}],"predecessor-version":[{"id":882,"href":"http:\/\/www.salz-exklusiv.de\/index.php?rest_route=\/wp\/v2\/pages\/801\/revisions\/882"}],"up":[{"embeddable":true,"href":"http:\/\/www.salz-exklusiv.de\/index.php?rest_route=\/wp\/v2\/pages\/188"}],"wp:attachment":[{"href":"http:\/\/www.salz-exklusiv.de\/index.php?rest_route=%2Fwp%2Fv2%2Fmedia&parent=801"}],"curies":[{"name":"wp","href":"https:\/\/api.w.org\/{rel}","templated":true}]}}