{"id":795,"date":"2013-06-05T16:25:55","date_gmt":"2013-06-05T16:25:55","guid":{"rendered":"http:\/\/www.salz-exklusiv.de\/?page_id=795"},"modified":"2014-04-05T11:59:23","modified_gmt":"2014-04-05T11:59:23","slug":"grill-salz","status":"publish","type":"page","link":"http:\/\/www.salz-exklusiv.de\/?page_id=795","title":{"rendered":"Grill Salz"},"content":{"rendered":"<p><a href=\"http:\/\/www.salz-exklusiv.de\/wp-content\/uploads\/BG-Him1.png\"><img loading=\"lazy\" class=\"aligncenter size-full wp-image-520\" title=\"BG-Him\" alt=\"\" src=\"http:\/\/www.salz-exklusiv.de\/wp-content\/uploads\/BG-Him1.png\" width=\"600\" height=\"150\" srcset=\"http:\/\/www.salz-exklusiv.de\/wp-content\/uploads\/BG-Him1.png 600w, http:\/\/www.salz-exklusiv.de\/wp-content\/uploads\/BG-Him1-300x75.png 300w\" sizes=\"(max-width: 600px) 100vw, 600px\" \/><\/a><\/p>\n<h1><span style=\"color: #ff6600;\">Zum w\u00fcrzen und einlegen aller Fleisch- und Gem\u00fcsesorten!<\/span><\/h1>\n<p>&nbsp;<\/p>\n<h5><strong>Zutaten:<\/strong>\u00a0Halitsalz, Zwiebel, Koriander, K\u00fcmmel, schwarzer Pfeffer, Kreuzk\u00fcmmel, Paprika edels\u00fc\u00df und scharf, Senfsaat gelb und schwarz, bunter Pfeffer ganz.<\/h5>\n<p><span style=\"color: #888888;\">Das \u201ewei\u00dfe Gold\u201c \u2013 HalitSalz bildet die Grundlage unserer Gew\u00fcrzSalze. Die Kr\u00e4uter werden weder begast noch bestrahlt oder anderweitig behandelt. Es wird kein gentechnisch ver\u00e4ndertes Saatgut verwendet. <span style=\"text-decoration: underline;\"><strong>Alle Kr\u00e4uter stammen aus kontrolliert biologischem Anbau.<\/strong><\/span> Genie\u00dfen Sie verschiedene Gew\u00fcrzrichtungen.<\/span><\/p>\n<div><\/div>\n<div><\/div>\n<p>&nbsp;<\/p>\n<div><\/div>\n<p>&nbsp;<\/p>\n<p>&nbsp;<\/p>\n","protected":false},"excerpt":{"rendered":"<p>Zum w\u00fcrzen und einlegen aller Fleisch- und Gem\u00fcsesorten! &nbsp; Zutaten:\u00a0Halitsalz, Zwiebel, Koriander, K\u00fcmmel, schwarzer Pfeffer, Kreuzk\u00fcmmel, Paprika edels\u00fc\u00df und scharf, Senfsaat gelb und schwarz, bunter Pfeffer ganz. Das \u201ewei\u00dfe Gold\u201c \u2013 HalitSalz bildet die Grundlage unserer Gew\u00fcrzSalze. Die Kr\u00e4uter werden weder begast noch bestrahlt oder anderweitig behandelt. Es wird kein gentechnisch ver\u00e4ndertes Saatgut verwendet. Alle [&hellip;]<\/p>\n","protected":false},"author":1,"featured_media":0,"parent":188,"menu_order":0,"comment_status":"closed","ping_status":"closed","template":"","meta":[],"_links":{"self":[{"href":"http:\/\/www.salz-exklusiv.de\/index.php?rest_route=\/wp\/v2\/pages\/795"}],"collection":[{"href":"http:\/\/www.salz-exklusiv.de\/index.php?rest_route=\/wp\/v2\/pages"}],"about":[{"href":"http:\/\/www.salz-exklusiv.de\/index.php?rest_route=\/wp\/v2\/types\/page"}],"author":[{"embeddable":true,"href":"http:\/\/www.salz-exklusiv.de\/index.php?rest_route=\/wp\/v2\/users\/1"}],"replies":[{"embeddable":true,"href":"http:\/\/www.salz-exklusiv.de\/index.php?rest_route=%2Fwp%2Fv2%2Fcomments&post=795"}],"version-history":[{"count":4,"href":"http:\/\/www.salz-exklusiv.de\/index.php?rest_route=\/wp\/v2\/pages\/795\/revisions"}],"predecessor-version":[{"id":918,"href":"http:\/\/www.salz-exklusiv.de\/index.php?rest_route=\/wp\/v2\/pages\/795\/revisions\/918"}],"up":[{"embeddable":true,"href":"http:\/\/www.salz-exklusiv.de\/index.php?rest_route=\/wp\/v2\/pages\/188"}],"wp:attachment":[{"href":"http:\/\/www.salz-exklusiv.de\/index.php?rest_route=%2Fwp%2Fv2%2Fmedia&parent=795"}],"curies":[{"name":"wp","href":"https:\/\/api.w.org\/{rel}","templated":true}]}}