{"id":789,"date":"2013-06-05T16:19:21","date_gmt":"2013-06-05T16:19:21","guid":{"rendered":"http:\/\/www.salz-exklusiv.de\/?page_id=789"},"modified":"2014-04-05T11:45:55","modified_gmt":"2014-04-05T11:45:55","slug":"mediterran-salz","status":"publish","type":"page","link":"http:\/\/www.salz-exklusiv.de\/?page_id=789","title":{"rendered":"Mediterran Salz"},"content":{"rendered":"<p><a href=\"http:\/\/www.salz-exklusiv.de\/wp-content\/uploads\/BG-Him1.png\"><img loading=\"lazy\" class=\"aligncenter size-full wp-image-520\" title=\"BG-Him\" alt=\"\" src=\"http:\/\/www.salz-exklusiv.de\/wp-content\/uploads\/BG-Him1.png\" width=\"600\" height=\"150\" srcset=\"http:\/\/www.salz-exklusiv.de\/wp-content\/uploads\/BG-Him1.png 600w, http:\/\/www.salz-exklusiv.de\/wp-content\/uploads\/BG-Him1-300x75.png 300w\" sizes=\"(max-width: 600px) 100vw, 600px\" \/><\/a><\/p>\n<h1><span style=\"color: #ff6600;\">F\u00fcr alle die die italienische K\u00fcche lieben!<\/span><\/h1>\n<p>&nbsp;<\/p>\n<h5><strong>Zutaten:<\/strong>\u00a0Halitsalz, Salbei, Lorbeer, Koriander, Rosmarin, Cayenne Pfeffer.<\/h5>\n<p><span style=\"color: #888888;\">Das \u201ewei\u00dfe Gold\u201c \u2013 HalitSalz bildet die Grundlage unserer Gew\u00fcrzSalze. Die Kr\u00e4uter werden weder begast noch bestrahlt oder anderweitig behandelt. Es wird kein gentechnisch ver\u00e4ndertes Saatgut verwendet. <span style=\"text-decoration: underline;\"><strong>Alle Kr\u00e4uter stammen aus kontrolliert biologischem Anbau.<\/strong><\/span> Genie\u00dfen Sie verschiedene Gew\u00fcrzrichtungen.<\/span><\/p>\n<div><\/div>\n<div><\/div>\n<p>&nbsp;<\/p>\n<div><\/div>\n<p>&nbsp;<\/p>\n<p>&nbsp;<\/p>\n","protected":false},"excerpt":{"rendered":"<p>F\u00fcr alle die die italienische K\u00fcche lieben! &nbsp; Zutaten:\u00a0Halitsalz, Salbei, Lorbeer, Koriander, Rosmarin, Cayenne Pfeffer. Das \u201ewei\u00dfe Gold\u201c \u2013 HalitSalz bildet die Grundlage unserer Gew\u00fcrzSalze. Die Kr\u00e4uter werden weder begast noch bestrahlt oder anderweitig behandelt. Es wird kein gentechnisch ver\u00e4ndertes Saatgut verwendet. Alle Kr\u00e4uter stammen aus kontrolliert biologischem Anbau. Genie\u00dfen Sie verschiedene Gew\u00fcrzrichtungen. &nbsp; &nbsp; [&hellip;]<\/p>\n","protected":false},"author":1,"featured_media":0,"parent":188,"menu_order":0,"comment_status":"closed","ping_status":"closed","template":"","meta":[],"_links":{"self":[{"href":"http:\/\/www.salz-exklusiv.de\/index.php?rest_route=\/wp\/v2\/pages\/789"}],"collection":[{"href":"http:\/\/www.salz-exklusiv.de\/index.php?rest_route=\/wp\/v2\/pages"}],"about":[{"href":"http:\/\/www.salz-exklusiv.de\/index.php?rest_route=\/wp\/v2\/types\/page"}],"author":[{"embeddable":true,"href":"http:\/\/www.salz-exklusiv.de\/index.php?rest_route=\/wp\/v2\/users\/1"}],"replies":[{"embeddable":true,"href":"http:\/\/www.salz-exklusiv.de\/index.php?rest_route=%2Fwp%2Fv2%2Fcomments&post=789"}],"version-history":[{"count":10,"href":"http:\/\/www.salz-exklusiv.de\/index.php?rest_route=\/wp\/v2\/pages\/789\/revisions"}],"predecessor-version":[{"id":891,"href":"http:\/\/www.salz-exklusiv.de\/index.php?rest_route=\/wp\/v2\/pages\/789\/revisions\/891"}],"up":[{"embeddable":true,"href":"http:\/\/www.salz-exklusiv.de\/index.php?rest_route=\/wp\/v2\/pages\/188"}],"wp:attachment":[{"href":"http:\/\/www.salz-exklusiv.de\/index.php?rest_route=%2Fwp%2Fv2%2Fmedia&parent=789"}],"curies":[{"name":"wp","href":"https:\/\/api.w.org\/{rel}","templated":true}]}}