{"id":601,"date":"2012-09-13T16:43:41","date_gmt":"2012-09-13T16:43:41","guid":{"rendered":"http:\/\/www.salz-exklusiv.de\/?page_id=601"},"modified":"2012-09-25T09:04:34","modified_gmt":"2012-09-25T09:04:34","slug":"salz-feiert-seine-renaissance","status":"publish","type":"page","link":"http:\/\/www.salz-exklusiv.de\/?page_id=601","title":{"rendered":"Salz feiert seine Renaissance."},"content":{"rendered":"<p>Es ist wichtiger als je zuvor. \u201eGut drauf sein\u201c. Wenn es auf Gesundheit, auf innerer Ruhe und Selbstbewusstsein basiert \u2013 bedeutet es Erfolg. \u00a0Das Rezept ist bekannt. Die Zutaten Regeneration, Entspannung, Meditation, Fitnesstraining, bewusste Ern\u00e4hrung.\u00a0Die ideale Einheit von K\u00f6rper, Geist und Seele aufrecht zu erhalten, wird nicht leichter. In allen Lebensbereichen hat der Mensch ver\u00e4nderten Anspr\u00fcchen zu gen\u00fcgen.<\/p>\n<p>Bewusstes Sein, Eigenverantwortung, Gesundheitspr\u00e4vention gewinnen immer mehr Bedeutung in einem zeitgem\u00e4\u00dfen Lebenskonzept.<\/p>\n<p>Deshalb lohnt es sich ein Salarium aufzusuchen das wesentliche Anforderungen vereint: Tiefenentspannung sowie Heilwirkung f\u00fcr Atemwege und Haut in anprechendem Ambiente.\u00a0Neben Stollen und Grotten erf\u00e4hrt die Heilwirkung des Salzes eine neue Ausrichtung in Form von Salarien. Darunter versteht man einen Raum, der mit\u00a0zig TonnenNaturSalz ausgebaut wird.<\/p>\n<p>Durch Hinterleuchtung und Lichtsteuerung entsteht ein Farbenzauber. Die umgebende leuchtende Salzmenge erzeugt heilsame Atemluft von hoher Qualit\u00e4t. Die Besucher eines Salariums f\u00fchlen sich wie bei einem Aufenthalt am Meer oder in den Bergen. Sie erleben eine intensive Palette des Wohlf\u00fchlens und kommen immer wieder. Dies liegt nicht zuletzt daran dass in Salarien kein Elektrosmog gemessen werden kann. Der Raum ist praktisch Strahlungsfrei. Desweiteren ist medizinisch nachgewiesen, dass salzhaltige Luft bei Haut- und Atemwegserkrankungen zur Heilung beitr\u00e4gt.\u00a0In Salarien wird ausschlie\u00dflich unverf\u00e4lschtes ca. 250 Millionen Jahre altes NaturSalz verarbeitet. Das Salz schirmt den Raum vor elektromagnetischen Strahlen ab. Die salzhaltige Luft ist staub- und feinstaubfrei. Sie steigert die geistige und k\u00f6rperliche Leistungsf\u00e4higkeit und st\u00e4rkt die Abwehrkr\u00e4fte des Organismus. Salz wirkt sowohl pr\u00e4ventiv, als auch die Heilung unterst\u00fctzend bei folgenden Erkrankungen:<\/p>\n<ul>\n<li>Asthma bronchiale<\/li>\n<li>Allergische und chronische obstruktive Bronchitis,<\/li>\n<li>Heuschnupfen und andere Formen von allergischen Schnupfen<\/li>\n<li>Nasennebenh\u00f6hlenentz\u00fcndung<\/li>\n<li>\u00dcberempfindliche Atemwege<\/li>\n<li>Hauterkrankungen, wie Neurodermitis und Psoriasis (Schuppenflechte)<\/li>\n<li>MCS multiple chemical sensitive Patienten<\/li>\n<li>Schlafst\u00f6rungen,<\/li>\n<li>Depression und Burn Out Syndrom<\/li>\n<li>Entspannung f\u00fcr Stressgeplagte<\/li>\n<li>Gesunde Menschen finden tiefe Entspannung bis in die Seele.<\/li>\n<\/ul>\n<div><span style=\"color: #888888;\">Quelle: K\u00f6nigSalz<\/span><\/div>\n","protected":false},"excerpt":{"rendered":"<p>Es ist wichtiger als je zuvor. \u201eGut drauf sein\u201c. Wenn es auf Gesundheit, auf innerer Ruhe und Selbstbewusstsein basiert \u2013 bedeutet es Erfolg. \u00a0Das Rezept ist bekannt. Die Zutaten Regeneration, Entspannung, Meditation, Fitnesstraining, bewusste Ern\u00e4hrung.\u00a0Die ideale Einheit von K\u00f6rper, Geist und Seele aufrecht zu erhalten, wird nicht leichter. In allen Lebensbereichen hat der Mensch ver\u00e4nderten [&hellip;]<\/p>\n","protected":false},"author":1,"featured_media":0,"parent":255,"menu_order":0,"comment_status":"closed","ping_status":"closed","template":"","meta":[],"_links":{"self":[{"href":"http:\/\/www.salz-exklusiv.de\/index.php?rest_route=\/wp\/v2\/pages\/601"}],"collection":[{"href":"http:\/\/www.salz-exklusiv.de\/index.php?rest_route=\/wp\/v2\/pages"}],"about":[{"href":"http:\/\/www.salz-exklusiv.de\/index.php?rest_route=\/wp\/v2\/types\/page"}],"author":[{"embeddable":true,"href":"http:\/\/www.salz-exklusiv.de\/index.php?rest_route=\/wp\/v2\/users\/1"}],"replies":[{"embeddable":true,"href":"http:\/\/www.salz-exklusiv.de\/index.php?rest_route=%2Fwp%2Fv2%2Fcomments&post=601"}],"version-history":[{"count":3,"href":"http:\/\/www.salz-exklusiv.de\/index.php?rest_route=\/wp\/v2\/pages\/601\/revisions"}],"predecessor-version":[{"id":674,"href":"http:\/\/www.salz-exklusiv.de\/index.php?rest_route=\/wp\/v2\/pages\/601\/revisions\/674"}],"up":[{"embeddable":true,"href":"http:\/\/www.salz-exklusiv.de\/index.php?rest_route=\/wp\/v2\/pages\/255"}],"wp:attachment":[{"href":"http:\/\/www.salz-exklusiv.de\/index.php?rest_route=%2Fwp%2Fv2%2Fmedia&parent=601"}],"curies":[{"name":"wp","href":"https:\/\/api.w.org\/{rel}","templated":true}]}}