{"id":597,"date":"2012-09-13T16:40:52","date_gmt":"2012-09-13T16:40:52","guid":{"rendered":"http:\/\/www.salz-exklusiv.de\/?page_id=597"},"modified":"2012-09-13T16:41:21","modified_gmt":"2012-09-13T16:41:21","slug":"das-salarium%c2%ae-macht-furore","status":"publish","type":"page","link":"http:\/\/www.salz-exklusiv.de\/?page_id=597","title":{"rendered":"Das SALARIUM\u00ae macht Furore"},"content":{"rendered":"<p>Den Anbietern, die stets auf der Suche nach dem Besonderen und zus\u00e4tzlich nach einem kleinen Profitcenter sind, bietet die Firma K\u00f6nigsSalz aus dem bayrischen Weigendorf eine \u00fcberaus interessante Option, das SALARIUM<sup>\u00ae<\/sup>. Und das ist keine gew\u00f6hnliche Salzgrotte, wie der Kunde sie m\u00f6glicherweise kennt.<\/p>\n<p>Einem SALARIUM<sup>\u00a0\u00ae<\/sup>\u00a0liegen die bekannten positiven Wirkungsweisen von Salz zugrunde, wie etwa die f\u00fcr die Atemwege und die Haut, doch was ist ein SALARIUM<sup>\u00a0\u00ae\u00a0<\/sup>konkret? Es erzeugt ein Mikroklima, wie es auch in Salzstollen vorherrscht. Auf den Unterschied kommt es an, und wie so oft liegt dieser im Detail. K\u00f6nigsSalz arbeitet beim Verbau der Salzziegel komplett ohne M\u00f6rtel oder sch\u00e4dliche Kleber. \u201eNur so k\u00f6nnen wir unserem biologischen Anspruch gerecht werden\u201c, f\u00fcgt Gesch\u00e4ftsf\u00fchrerin Lotte Heck an. Dazu hat die Firma ein patentiertes Schienensystem entwickelt, auf das die genuteten Steine aufgezogen werden. \u201eDiese bestehen aus unverf\u00e4lschten Natursalzen, die wir entweder aus Pakistan, vom Fu\u00dfe des Himalayas importieren, dieses Salz ist r\u00f6tlich\u201c, erkl\u00e4rt Marketing- und Vertriebschefin Lotte Heck, \u201eoder es stammt aus dem Iran und ist von bl\u00e4ulicher Farbe.\u201c Um den farblichen Aspekt der Salze zur Geltung zu bringen, wird hinter die Ziegel ein Lichtsystem aus LED-Leuchten installiert, dass optional auch nach den Prinzipien der Farblichttherapie ausgef\u00fchrt werden kann.<\/p>\n<p>Zwei weitere Komponenten tragen wesentlich zur Wirkungsweise eines SALARIUM<sup>\u00a0\u00ae\u00a0<\/sup>bei: ein Solevernebler und eine Gradieranlage. \u201eLetztere tr\u00e4gt durch die Kombination von Frischluft und die \u00fcber Schwarzdornreisig laufende Sole f\u00fcr die Anreicherung der Luft mit negativen Ionen bei\u201c, verweist Lotte Heck auf das heilsame Mikroklima von hoher Qualit\u00e4t, \u201ees steigert die geistige und k\u00f6rperliche Leistungsf\u00e4higkeit und st\u00e4rkt die Abwehrkr\u00e4fte des Organismus.\u201c Nicht unwesentlich ist der Hinweis darauf, dass alle Ger\u00e4te der strengen Kontrolle des Medizin-Produkte-Gesetz (MPG) unterliegen und f\u00fcr medizinische Anwendungen zugelassen sind. Nur so ist ein sicherer und hygienisch einwandfreier Betrieb ohne Gef\u00e4hrdung des Nutzers zu gew\u00e4hrleisten.<\/p>\n<p><span style=\"color: #888888;\">Quelle: K\u00f6nigsSalz<\/span><\/p>\n","protected":false},"excerpt":{"rendered":"<p>Den Anbietern, die stets auf der Suche nach dem Besonderen und zus\u00e4tzlich nach einem kleinen Profitcenter sind, bietet die Firma K\u00f6nigsSalz aus dem bayrischen Weigendorf eine \u00fcberaus interessante Option, das SALARIUM\u00ae. Und das ist keine gew\u00f6hnliche Salzgrotte, wie der Kunde sie m\u00f6glicherweise kennt. Einem SALARIUM\u00a0\u00ae\u00a0liegen die bekannten positiven Wirkungsweisen von Salz zugrunde, wie etwa die [&hellip;]<\/p>\n","protected":false},"author":1,"featured_media":0,"parent":255,"menu_order":0,"comment_status":"closed","ping_status":"closed","template":"","meta":[],"_links":{"self":[{"href":"http:\/\/www.salz-exklusiv.de\/index.php?rest_route=\/wp\/v2\/pages\/597"}],"collection":[{"href":"http:\/\/www.salz-exklusiv.de\/index.php?rest_route=\/wp\/v2\/pages"}],"about":[{"href":"http:\/\/www.salz-exklusiv.de\/index.php?rest_route=\/wp\/v2\/types\/page"}],"author":[{"embeddable":true,"href":"http:\/\/www.salz-exklusiv.de\/index.php?rest_route=\/wp\/v2\/users\/1"}],"replies":[{"embeddable":true,"href":"http:\/\/www.salz-exklusiv.de\/index.php?rest_route=%2Fwp%2Fv2%2Fcomments&post=597"}],"version-history":[{"count":3,"href":"http:\/\/www.salz-exklusiv.de\/index.php?rest_route=\/wp\/v2\/pages\/597\/revisions"}],"predecessor-version":[{"id":600,"href":"http:\/\/www.salz-exklusiv.de\/index.php?rest_route=\/wp\/v2\/pages\/597\/revisions\/600"}],"up":[{"embeddable":true,"href":"http:\/\/www.salz-exklusiv.de\/index.php?rest_route=\/wp\/v2\/pages\/255"}],"wp:attachment":[{"href":"http:\/\/www.salz-exklusiv.de\/index.php?rest_route=%2Fwp%2Fv2%2Fmedia&parent=597"}],"curies":[{"name":"wp","href":"https:\/\/api.w.org\/{rel}","templated":true}]}}