{"id":595,"date":"2012-09-13T16:38:25","date_gmt":"2012-09-13T16:38:25","guid":{"rendered":"http:\/\/www.salz-exklusiv.de\/?page_id=595"},"modified":"2012-09-25T09:03:51","modified_gmt":"2012-09-25T09:03:51","slug":"die-vielfalt-des-%e2%80%9eweisen-goldes%e2%80%9c","status":"publish","type":"page","link":"http:\/\/www.salz-exklusiv.de\/?page_id=595","title":{"rendered":"Die Vielfalt des \u201ewei\u00dfen Goldes\u201c"},"content":{"rendered":"<p>Eine beeindruckende Mannigfaltigkeit an Produkten aus Salz f\u00fcllt den kleinen Laden in der Hersbrucker Innenstadt: Aus dem Mineral hergestellte Lampen und Teelichter spenden warmes Licht. Daneben finden sich Salzsorten aus den Alpen, den Karpaten, dem Iran und das Kalziumreiche Andensalz aus Peru. Die gem\u00fctliche Atmosph\u00e4re und der im hinteren Teil des Ladens liegende Salzraum mit beleuchteten W\u00e4nden und Klangmusik laden zum entspannten Verweilen ein. Besonders Allergikern und Asthmapatienten hilft die feuchte Luft der kleinen Grotte.<br \/>\nMargit Dehling ist es wichtig, dass sich ihre Kunden Zeit f\u00fcr ihren Besuch nehmen. Sie l\u00e4sst diese auch gerne von so manchem Salz kosten, um die f\u00fcr sie passende Geschmacksrichtung zu finden. Aus dem vielseitigen Naturprodukt kreiert K\u00f6nigsSalz leckere Gourmet-Salze mit Kr\u00e4utern und Gew\u00fcrzen, die sogar \u00fcber ein Bio-Zertifikat verf\u00fcgen. Ganz neu ist das Curry-Kokos-Salz, das perfekt zur asiatischen K\u00fcche passt. Und auch Rosenliebhaber kommen mit dem Rosensalz auf ihre Kosten.<br \/>\nDas lebenswichtige \u201ewei\u00dfe Gold\u201c l\u00e4sst sich aber nicht nur zum Kochen gut verwenden: Es ist auch als Badesalz mit Rosenbl\u00fcten, Lavendel oder \u00e4therischen \u00d6len f\u00fcr Heilzwecke und Entspannung geeignet. Besonders beliebt sind Soleprodukte, denen eine entschlackende Wirkung nachgesagt wird.<br \/>\nDoch nicht nur Menschen ben\u00f6tigen das Mineral t\u00e4glich: Mit Lecksteinen wird bei K\u00f6nigsSalz f\u00fcr den Salzhaushalt von Nagern, Ziegen und Pferden gesorgt. Spezielle Edelsteine zur Wasserenergetisierung versprechen Wohlbefinden. Wer will, kann die gesunden W\u00e4sserchen schon im Laden probieren.<\/p>\n<p><span style=\"color: #999999;\">Quelle: Hersbrucker Zeitung<\/span><\/p>\n","protected":false},"excerpt":{"rendered":"<p>Eine beeindruckende Mannigfaltigkeit an Produkten aus Salz f\u00fcllt den kleinen Laden in der Hersbrucker Innenstadt: Aus dem Mineral hergestellte Lampen und Teelichter spenden warmes Licht. Daneben finden sich Salzsorten aus den Alpen, den Karpaten, dem Iran und das Kalziumreiche Andensalz aus Peru. Die gem\u00fctliche Atmosph\u00e4re und der im hinteren Teil des Ladens liegende Salzraum mit [&hellip;]<\/p>\n","protected":false},"author":1,"featured_media":0,"parent":255,"menu_order":0,"comment_status":"closed","ping_status":"closed","template":"","meta":[],"_links":{"self":[{"href":"http:\/\/www.salz-exklusiv.de\/index.php?rest_route=\/wp\/v2\/pages\/595"}],"collection":[{"href":"http:\/\/www.salz-exklusiv.de\/index.php?rest_route=\/wp\/v2\/pages"}],"about":[{"href":"http:\/\/www.salz-exklusiv.de\/index.php?rest_route=\/wp\/v2\/types\/page"}],"author":[{"embeddable":true,"href":"http:\/\/www.salz-exklusiv.de\/index.php?rest_route=\/wp\/v2\/users\/1"}],"replies":[{"embeddable":true,"href":"http:\/\/www.salz-exklusiv.de\/index.php?rest_route=%2Fwp%2Fv2%2Fcomments&post=595"}],"version-history":[{"count":2,"href":"http:\/\/www.salz-exklusiv.de\/index.php?rest_route=\/wp\/v2\/pages\/595\/revisions"}],"predecessor-version":[{"id":672,"href":"http:\/\/www.salz-exklusiv.de\/index.php?rest_route=\/wp\/v2\/pages\/595\/revisions\/672"}],"up":[{"embeddable":true,"href":"http:\/\/www.salz-exklusiv.de\/index.php?rest_route=\/wp\/v2\/pages\/255"}],"wp:attachment":[{"href":"http:\/\/www.salz-exklusiv.de\/index.php?rest_route=%2Fwp%2Fv2%2Fmedia&parent=595"}],"curies":[{"name":"wp","href":"https:\/\/api.w.org\/{rel}","templated":true}]}}