{"id":544,"date":"2012-09-13T09:29:00","date_gmt":"2012-09-13T09:29:00","guid":{"rendered":"http:\/\/www.salz-exklusiv.de\/?page_id=544"},"modified":"2014-04-05T11:57:10","modified_gmt":"2014-04-05T11:57:10","slug":"sonnengesangsalz","status":"publish","type":"page","link":"http:\/\/www.salz-exklusiv.de\/?page_id=544","title":{"rendered":"Sonnengesangsalz"},"content":{"rendered":"<h1><a href=\"http:\/\/www.salz-exklusiv.de\/wp-content\/uploads\/BG-Son.png\"><img loading=\"lazy\" class=\"aligncenter size-full wp-image-545\" title=\"BG-Son\" alt=\"\" src=\"http:\/\/www.salz-exklusiv.de\/wp-content\/uploads\/BG-Son.png\" width=\"600\" height=\"150\" srcset=\"http:\/\/www.salz-exklusiv.de\/wp-content\/uploads\/BG-Son.png 600w, http:\/\/www.salz-exklusiv.de\/wp-content\/uploads\/BG-Son-300x75.png 300w\" sizes=\"(max-width: 600px) 100vw, 600px\" \/><\/a><\/h1>\n<h1><span style=\"color: #ff6600;\">Eine besondere Gew\u00fcrzmischung!<\/span><\/h1>\n<p>Mit Norialgen, Bl\u00fctenbl\u00e4ttern und seltenen edlen Kr\u00e4utern.<\/p>\n<h5><strong>Zutaten:<\/strong> \u00a0HalitSalz, Nori-Meeresalgenflocken, Petersilie, Rosmarin, Oreganum, Basilikum, Seelattisch,\u00a0Thymian, Sonnenblumensamen, Bl\u00fctenbl\u00e4tter, Minze, Lemongras, Koriander, Fenchel, Pfeffer,\u00a0Chili, Rauke, Bohnenkraut.<\/h5>\n<p><span style=\"color: #888888;\">Das \u201ewei\u00dfe Gold\u201c \u2013 HalitSalz bildet die Grundlage unserer Gew\u00fcrzSalze. Die Kr\u00e4uter werden weder begast noch bestrahlt oder anderweitig behandelt. Es wird kein gentechnisch ver\u00e4ndertes Saatgut verwendet. <span style=\"text-decoration: underline;\"><strong>Alle Kr\u00e4uter stammen aus kontrolliert biologischem Anbau<\/strong><\/span>. Genie\u00dfen Sie verschiedene Gew\u00fcrzrichtungen.<\/span><\/p>\n<pre><\/pre>\n","protected":false},"excerpt":{"rendered":"<p>Eine besondere Gew\u00fcrzmischung! Mit Norialgen, Bl\u00fctenbl\u00e4ttern und seltenen edlen Kr\u00e4utern. Zutaten: \u00a0HalitSalz, Nori-Meeresalgenflocken, Petersilie, Rosmarin, Oreganum, Basilikum, Seelattisch,\u00a0Thymian, Sonnenblumensamen, Bl\u00fctenbl\u00e4tter, Minze, Lemongras, Koriander, Fenchel, Pfeffer,\u00a0Chili, Rauke, Bohnenkraut. Das \u201ewei\u00dfe Gold\u201c \u2013 HalitSalz bildet die Grundlage unserer Gew\u00fcrzSalze. Die Kr\u00e4uter werden weder begast noch bestrahlt oder anderweitig behandelt. Es wird kein gentechnisch ver\u00e4ndertes Saatgut verwendet. Alle [&hellip;]<\/p>\n","protected":false},"author":1,"featured_media":0,"parent":188,"menu_order":0,"comment_status":"closed","ping_status":"closed","template":"","meta":[],"_links":{"self":[{"href":"http:\/\/www.salz-exklusiv.de\/index.php?rest_route=\/wp\/v2\/pages\/544"}],"collection":[{"href":"http:\/\/www.salz-exklusiv.de\/index.php?rest_route=\/wp\/v2\/pages"}],"about":[{"href":"http:\/\/www.salz-exklusiv.de\/index.php?rest_route=\/wp\/v2\/types\/page"}],"author":[{"embeddable":true,"href":"http:\/\/www.salz-exklusiv.de\/index.php?rest_route=\/wp\/v2\/users\/1"}],"replies":[{"embeddable":true,"href":"http:\/\/www.salz-exklusiv.de\/index.php?rest_route=%2Fwp%2Fv2%2Fcomments&post=544"}],"version-history":[{"count":4,"href":"http:\/\/www.salz-exklusiv.de\/index.php?rest_route=\/wp\/v2\/pages\/544\/revisions"}],"predecessor-version":[{"id":917,"href":"http:\/\/www.salz-exklusiv.de\/index.php?rest_route=\/wp\/v2\/pages\/544\/revisions\/917"}],"up":[{"embeddable":true,"href":"http:\/\/www.salz-exklusiv.de\/index.php?rest_route=\/wp\/v2\/pages\/188"}],"wp:attachment":[{"href":"http:\/\/www.salz-exklusiv.de\/index.php?rest_route=%2Fwp%2Fv2%2Fmedia&parent=544"}],"curies":[{"name":"wp","href":"https:\/\/api.w.org\/{rel}","templated":true}]}}