{"id":531,"date":"2012-09-13T09:11:02","date_gmt":"2012-09-13T09:11:02","guid":{"rendered":"http:\/\/www.salz-exklusiv.de\/?page_id=531"},"modified":"2014-04-05T11:48:17","modified_gmt":"2014-04-05T11:48:17","slug":"curry-cocos-salz","status":"publish","type":"page","link":"http:\/\/www.salz-exklusiv.de\/?page_id=531","title":{"rendered":"Curry Cocos Salz"},"content":{"rendered":"<h1><a href=\"http:\/\/www.salz-exklusiv.de\/wp-content\/uploads\/BG-Him2.png\"><img loading=\"lazy\" class=\"aligncenter size-full wp-image-532\" title=\"BG-Him\" alt=\"\" src=\"http:\/\/www.salz-exklusiv.de\/wp-content\/uploads\/BG-Him2.png\" width=\"600\" height=\"150\" srcset=\"http:\/\/www.salz-exklusiv.de\/wp-content\/uploads\/BG-Him2.png 600w, http:\/\/www.salz-exklusiv.de\/wp-content\/uploads\/BG-Him2-300x75.png 300w\" sizes=\"(max-width: 600px) 100vw, 600px\" \/><\/a><\/h1>\n<h1><span style=\"color: #ff6600;\">Ideal f\u00fcr die asiatisch-ayurvedische K\u00fcche!<\/span><\/h1>\n<h5>Mit Curry und Cocosflocken aus kontrolliert biologischem Anbau.<\/h5>\n<p><span style=\"color: #999999;\">Das \u201ewei\u00dfe Gold\u201c \u2013 HalitSalz bildet die Grundlage unserer Gew\u00fcrzSalze. Die Kr\u00e4uter werden weder begast noch bestrahlt oder anderweitig behandelt. Es wird kein gentechnisch ver\u00e4ndertes Saatgut verwendet.\u00a0 Genie\u00dfen Sie verschiedene Gew\u00fcrzrichtungen.<\/span><\/p>\n<div><\/div>\n","protected":false},"excerpt":{"rendered":"<p>Ideal f\u00fcr die asiatisch-ayurvedische K\u00fcche! Mit Curry und Cocosflocken aus kontrolliert biologischem Anbau. Das \u201ewei\u00dfe Gold\u201c \u2013 HalitSalz bildet die Grundlage unserer Gew\u00fcrzSalze. Die Kr\u00e4uter werden weder begast noch bestrahlt oder anderweitig behandelt. Es wird kein gentechnisch ver\u00e4ndertes Saatgut verwendet.\u00a0 Genie\u00dfen Sie verschiedene Gew\u00fcrzrichtungen.<\/p>\n","protected":false},"author":1,"featured_media":0,"parent":188,"menu_order":0,"comment_status":"closed","ping_status":"closed","template":"","meta":[],"_links":{"self":[{"href":"http:\/\/www.salz-exklusiv.de\/index.php?rest_route=\/wp\/v2\/pages\/531"}],"collection":[{"href":"http:\/\/www.salz-exklusiv.de\/index.php?rest_route=\/wp\/v2\/pages"}],"about":[{"href":"http:\/\/www.salz-exklusiv.de\/index.php?rest_route=\/wp\/v2\/types\/page"}],"author":[{"embeddable":true,"href":"http:\/\/www.salz-exklusiv.de\/index.php?rest_route=\/wp\/v2\/users\/1"}],"replies":[{"embeddable":true,"href":"http:\/\/www.salz-exklusiv.de\/index.php?rest_route=%2Fwp%2Fv2%2Fcomments&post=531"}],"version-history":[{"count":4,"href":"http:\/\/www.salz-exklusiv.de\/index.php?rest_route=\/wp\/v2\/pages\/531\/revisions"}],"predecessor-version":[{"id":898,"href":"http:\/\/www.salz-exklusiv.de\/index.php?rest_route=\/wp\/v2\/pages\/531\/revisions\/898"}],"up":[{"embeddable":true,"href":"http:\/\/www.salz-exklusiv.de\/index.php?rest_route=\/wp\/v2\/pages\/188"}],"wp:attachment":[{"href":"http:\/\/www.salz-exklusiv.de\/index.php?rest_route=%2Fwp%2Fv2%2Fmedia&parent=531"}],"curies":[{"name":"wp","href":"https:\/\/api.w.org\/{rel}","templated":true}]}}