{"id":519,"date":"2012-09-13T08:57:35","date_gmt":"2012-09-13T08:57:35","guid":{"rendered":"http:\/\/www.salz-exklusiv.de\/?page_id=519"},"modified":"2014-04-05T11:52:40","modified_gmt":"2014-04-05T11:52:40","slug":"himalayasalz","status":"publish","type":"page","link":"http:\/\/www.salz-exklusiv.de\/?page_id=519","title":{"rendered":"Himalayasalz"},"content":{"rendered":"<p><a href=\"http:\/\/www.salz-exklusiv.de\/wp-content\/uploads\/BG-Him1.png\"><img loading=\"lazy\" class=\"aligncenter size-full wp-image-520\" title=\"BG-Him\" alt=\"\" src=\"http:\/\/www.salz-exklusiv.de\/wp-content\/uploads\/BG-Him1.png\" width=\"600\" height=\"150\" srcset=\"http:\/\/www.salz-exklusiv.de\/wp-content\/uploads\/BG-Him1.png 600w, http:\/\/www.salz-exklusiv.de\/wp-content\/uploads\/BG-Him1-300x75.png 300w\" sizes=\"(max-width: 600px) 100vw, 600px\" \/><\/a><\/p>\n<h1><span style=\"color: #ff6600;\">Das wohl bekannteste Salz!<\/span><\/h1>\n<p><span style=\"color: #000000;\">Es wird weder im Himalaya-Gebirge noch im Karakorum-Gebirge und im Hunzatal Salz abgebaut. Das gesamte Himalayasalz des Weltmarktes stammt aus den Salzminen der Provinz Punjab in Pakistan. Doch ist das wundersch\u00f6ne, orange bis wei\u00dfe Himalayasalz ein Natursalz von h\u00f6chster Qualit\u00e4t. Die orange F\u00e4rbung stammt von einem erh\u00f6hten Eisenanteil. Geschmacklich mild passt es sich den Speisen an.\u00a0<\/span><\/p>\n<h5><strong>Empfehlung:<\/strong> Das mild-w\u00fcrzige Himalayasalz verzaubert alle Nudel-, Kartoffel- und Getreidegerichte zu Gaumenerlebnissen besonderer Art.<\/h5>\n<h5><\/h5>\n<p>&nbsp;<\/p>\n","protected":false},"excerpt":{"rendered":"<p>Das wohl bekannteste Salz! Es wird weder im Himalaya-Gebirge noch im Karakorum-Gebirge und im Hunzatal Salz abgebaut. Das gesamte Himalayasalz des Weltmarktes stammt aus den Salzminen der Provinz Punjab in Pakistan. Doch ist das wundersch\u00f6ne, orange bis wei\u00dfe Himalayasalz ein Natursalz von h\u00f6chster Qualit\u00e4t. Die orange F\u00e4rbung stammt von einem erh\u00f6hten Eisenanteil. Geschmacklich mild passt [&hellip;]<\/p>\n","protected":false},"author":1,"featured_media":0,"parent":188,"menu_order":0,"comment_status":"closed","ping_status":"closed","template":"","meta":[],"_links":{"self":[{"href":"http:\/\/www.salz-exklusiv.de\/index.php?rest_route=\/wp\/v2\/pages\/519"}],"collection":[{"href":"http:\/\/www.salz-exklusiv.de\/index.php?rest_route=\/wp\/v2\/pages"}],"about":[{"href":"http:\/\/www.salz-exklusiv.de\/index.php?rest_route=\/wp\/v2\/types\/page"}],"author":[{"embeddable":true,"href":"http:\/\/www.salz-exklusiv.de\/index.php?rest_route=\/wp\/v2\/users\/1"}],"replies":[{"embeddable":true,"href":"http:\/\/www.salz-exklusiv.de\/index.php?rest_route=%2Fwp%2Fv2%2Fcomments&post=519"}],"version-history":[{"count":4,"href":"http:\/\/www.salz-exklusiv.de\/index.php?rest_route=\/wp\/v2\/pages\/519\/revisions"}],"predecessor-version":[{"id":905,"href":"http:\/\/www.salz-exklusiv.de\/index.php?rest_route=\/wp\/v2\/pages\/519\/revisions\/905"}],"up":[{"embeddable":true,"href":"http:\/\/www.salz-exklusiv.de\/index.php?rest_route=\/wp\/v2\/pages\/188"}],"wp:attachment":[{"href":"http:\/\/www.salz-exklusiv.de\/index.php?rest_route=%2Fwp%2Fv2%2Fmedia&parent=519"}],"curies":[{"name":"wp","href":"https:\/\/api.w.org\/{rel}","templated":true}]}}