{"id":514,"date":"2012-09-13T08:50:27","date_gmt":"2012-09-13T08:50:27","guid":{"rendered":"http:\/\/www.salz-exklusiv.de\/?page_id=514"},"modified":"2014-04-05T11:53:27","modified_gmt":"2014-04-05T11:53:27","slug":"karpatensalz","status":"publish","type":"page","link":"http:\/\/www.salz-exklusiv.de\/?page_id=514","title":{"rendered":"Karpatensalz"},"content":{"rendered":"<p><a href=\"http:\/\/www.salz-exklusiv.de\/wp-content\/uploads\/BG-Kar.png\"><img loading=\"lazy\" class=\"aligncenter size-full wp-image-515\" title=\"BG-Kar\" alt=\"\" src=\"http:\/\/www.salz-exklusiv.de\/wp-content\/uploads\/BG-Kar.png\" width=\"600\" height=\"150\" srcset=\"http:\/\/www.salz-exklusiv.de\/wp-content\/uploads\/BG-Kar.png 600w, http:\/\/www.salz-exklusiv.de\/wp-content\/uploads\/BG-Kar-300x75.png 300w\" sizes=\"(max-width: 600px) 100vw, 600px\" \/><\/a><\/p>\n<h1><span style=\"color: #ff6600;\">Aus den Tiefen des gewaltigen Bergmassivs!<\/span><\/h1>\n<p>Aus den Tiefen der Karpaten wird dieses in seiner Struktur seltene Salz abgebaut. Riesige Heilstollen in 450 Meter Tiefe werden von vielen Menschen f\u00fcr Heilkuren genutzt. Die Kraft des Europ\u00e4ischen Kontinents, ein erh\u00f6hter Calziumanteil und kurze Lieferwege zeichnen das Karpatensalz besonders aus.<\/p>\n<h5><strong>Empfehlung: <\/strong>Karpatensalz bringt eine angenehme W\u00fcrze auf alle hellen Fleischsorten wie Schweinefleisch und Gefl\u00fcgel.<\/h5>\n<p>&nbsp;<\/p>\n","protected":false},"excerpt":{"rendered":"<p>Aus den Tiefen des gewaltigen Bergmassivs! Aus den Tiefen der Karpaten wird dieses in seiner Struktur seltene Salz abgebaut. Riesige Heilstollen in 450 Meter Tiefe werden von vielen Menschen f\u00fcr Heilkuren genutzt. Die Kraft des Europ\u00e4ischen Kontinents, ein erh\u00f6hter Calziumanteil und kurze Lieferwege zeichnen das Karpatensalz besonders aus. Empfehlung: Karpatensalz bringt eine angenehme W\u00fcrze auf [&hellip;]<\/p>\n","protected":false},"author":1,"featured_media":0,"parent":188,"menu_order":0,"comment_status":"closed","ping_status":"closed","template":"","meta":[],"_links":{"self":[{"href":"http:\/\/www.salz-exklusiv.de\/index.php?rest_route=\/wp\/v2\/pages\/514"}],"collection":[{"href":"http:\/\/www.salz-exklusiv.de\/index.php?rest_route=\/wp\/v2\/pages"}],"about":[{"href":"http:\/\/www.salz-exklusiv.de\/index.php?rest_route=\/wp\/v2\/types\/page"}],"author":[{"embeddable":true,"href":"http:\/\/www.salz-exklusiv.de\/index.php?rest_route=\/wp\/v2\/users\/1"}],"replies":[{"embeddable":true,"href":"http:\/\/www.salz-exklusiv.de\/index.php?rest_route=%2Fwp%2Fv2%2Fcomments&post=514"}],"version-history":[{"count":3,"href":"http:\/\/www.salz-exklusiv.de\/index.php?rest_route=\/wp\/v2\/pages\/514\/revisions"}],"predecessor-version":[{"id":907,"href":"http:\/\/www.salz-exklusiv.de\/index.php?rest_route=\/wp\/v2\/pages\/514\/revisions\/907"}],"up":[{"embeddable":true,"href":"http:\/\/www.salz-exklusiv.de\/index.php?rest_route=\/wp\/v2\/pages\/188"}],"wp:attachment":[{"href":"http:\/\/www.salz-exklusiv.de\/index.php?rest_route=%2Fwp%2Fv2%2Fmedia&parent=514"}],"curies":[{"name":"wp","href":"https:\/\/api.w.org\/{rel}","templated":true}]}}