{"id":496,"date":"2012-09-13T08:26:09","date_gmt":"2012-09-13T08:26:09","guid":{"rendered":"http:\/\/www.salz-exklusiv.de\/?page_id=496"},"modified":"2014-04-05T11:55:38","modified_gmt":"2014-04-05T11:55:38","slug":"persiensalz","status":"publish","type":"page","link":"http:\/\/www.salz-exklusiv.de\/?page_id=496","title":{"rendered":"Persiensalz"},"content":{"rendered":"<p><a href=\"http:\/\/www.salz-exklusiv.de\/wp-content\/uploads\/BG-Per.png\"><img loading=\"lazy\" class=\"aligncenter size-full wp-image-497\" title=\"BG-Per\" alt=\"\" src=\"http:\/\/www.salz-exklusiv.de\/wp-content\/uploads\/BG-Per.png\" width=\"600\" height=\"150\" srcset=\"http:\/\/www.salz-exklusiv.de\/wp-content\/uploads\/BG-Per.png 600w, http:\/\/www.salz-exklusiv.de\/wp-content\/uploads\/BG-Per-300x75.png 300w\" sizes=\"(max-width: 600px) 100vw, 600px\" \/><\/a><\/p>\n<h1><span style=\"color: #ff6600;\">Selten in Farbe und Geschmack!<\/span><\/h1>\n<p>Durch eine Kristallgitterverschiebung leuchtet Persiensalz blauviolett. Die Farbe stammt von dem Mineral Sylvin. Dieses lagert sich ausschlie\u00dflich an Haliten ab und ist meistens rosa oder gelb. Nur in den seltensten F\u00e4llen ist es blau. Das besondere Kennzeichen ist der extrem salzige Geschmack im ersten Augenblick. Dieser h\u00e4lt aber nur kurz an und es bleibt eine angenehme W\u00fcrze als Nachgeschmack.<\/p>\n<h5><strong>Empfehlung:<\/strong> Der Geschmack von Persiensalz kommt besonders gut auf Gem\u00fcse und Salat zur Geltung.<\/h5>\n<h5><\/h5>\n<p>&nbsp;<\/p>\n<p>&nbsp;<\/p>\n","protected":false},"excerpt":{"rendered":"<p>Selten in Farbe und Geschmack! Durch eine Kristallgitterverschiebung leuchtet Persiensalz blauviolett. Die Farbe stammt von dem Mineral Sylvin. Dieses lagert sich ausschlie\u00dflich an Haliten ab und ist meistens rosa oder gelb. Nur in den seltensten F\u00e4llen ist es blau. Das besondere Kennzeichen ist der extrem salzige Geschmack im ersten Augenblick. Dieser h\u00e4lt aber nur kurz [&hellip;]<\/p>\n","protected":false},"author":1,"featured_media":0,"parent":188,"menu_order":0,"comment_status":"closed","ping_status":"closed","template":"","meta":[],"_links":{"self":[{"href":"http:\/\/www.salz-exklusiv.de\/index.php?rest_route=\/wp\/v2\/pages\/496"}],"collection":[{"href":"http:\/\/www.salz-exklusiv.de\/index.php?rest_route=\/wp\/v2\/pages"}],"about":[{"href":"http:\/\/www.salz-exklusiv.de\/index.php?rest_route=\/wp\/v2\/types\/page"}],"author":[{"embeddable":true,"href":"http:\/\/www.salz-exklusiv.de\/index.php?rest_route=\/wp\/v2\/users\/1"}],"replies":[{"embeddable":true,"href":"http:\/\/www.salz-exklusiv.de\/index.php?rest_route=%2Fwp%2Fv2%2Fcomments&post=496"}],"version-history":[{"count":5,"href":"http:\/\/www.salz-exklusiv.de\/index.php?rest_route=\/wp\/v2\/pages\/496\/revisions"}],"predecessor-version":[{"id":913,"href":"http:\/\/www.salz-exklusiv.de\/index.php?rest_route=\/wp\/v2\/pages\/496\/revisions\/913"}],"up":[{"embeddable":true,"href":"http:\/\/www.salz-exklusiv.de\/index.php?rest_route=\/wp\/v2\/pages\/188"}],"wp:attachment":[{"href":"http:\/\/www.salz-exklusiv.de\/index.php?rest_route=%2Fwp%2Fv2%2Fmedia&parent=496"}],"curies":[{"name":"wp","href":"https:\/\/api.w.org\/{rel}","templated":true}]}}