{"id":486,"date":"2012-09-13T08:18:08","date_gmt":"2012-09-13T08:18:08","guid":{"rendered":"http:\/\/www.salz-exklusiv.de\/?page_id=486"},"modified":"2014-04-05T11:56:12","modified_gmt":"2014-04-05T11:56:12","slug":"rosensalz","status":"publish","type":"page","link":"http:\/\/www.salz-exklusiv.de\/?page_id=486","title":{"rendered":"Rosensalz"},"content":{"rendered":"<p><a href=\"http:\/\/www.salz-exklusiv.de\/wp-content\/uploads\/BG-Ros.png\"><img loading=\"lazy\" class=\"size-full wp-image-487 aligncenter\" title=\"BG-Ros\" alt=\"\" src=\"http:\/\/www.salz-exklusiv.de\/wp-content\/uploads\/BG-Ros.png\" width=\"600\" height=\"150\" srcset=\"http:\/\/www.salz-exklusiv.de\/wp-content\/uploads\/BG-Ros.png 600w, http:\/\/www.salz-exklusiv.de\/wp-content\/uploads\/BG-Ros-300x75.png 300w\" sizes=\"(max-width: 600px) 100vw, 600px\" \/><\/a><\/p>\n<h1><span style=\"color: #ff6600;\">F\u00fcr den Liebhaber des Au\u00dfergew\u00f6hnlichen!<\/span><\/h1>\n<h5><span style=\"color: #000000;\">Ein einmalig blumiges Aroma von fein duftenden Rosenbl\u00fcten, vermahlen oder geschnitten, verleiht diesem Salz seine Besonderheit.<\/span><\/h5>\n<p><span style=\"color: #999999;\">Das \u201ewei\u00dfe Gold\u201c \u2013 HalitSalz bildet die Grundlage unserer Gew\u00fcrzSalze. Die Kr\u00e4uter werden weder begast noch bestrahlt oder anderweitig behandelt. Es wird kein gentechnisch ver\u00e4ndertes Saatgut verwendet. <strong><span style=\"text-decoration: underline;\">Alle Kr\u00e4uter stammen aus kontrolliert biologischem Anbau.<\/span><\/strong> Genie\u00dfen Sie verschiedene Gew\u00fcrzrichtungen.<\/span><\/p>\n<p>&nbsp;<\/p>\n<p>&nbsp;<\/p>\n<p>&nbsp;<\/p>\n<p>&nbsp;<\/p>\n","protected":false},"excerpt":{"rendered":"<p>F\u00fcr den Liebhaber des Au\u00dfergew\u00f6hnlichen! Ein einmalig blumiges Aroma von fein duftenden Rosenbl\u00fcten, vermahlen oder geschnitten, verleiht diesem Salz seine Besonderheit. Das \u201ewei\u00dfe Gold\u201c \u2013 HalitSalz bildet die Grundlage unserer Gew\u00fcrzSalze. Die Kr\u00e4uter werden weder begast noch bestrahlt oder anderweitig behandelt. Es wird kein gentechnisch ver\u00e4ndertes Saatgut verwendet. Alle Kr\u00e4uter stammen aus kontrolliert biologischem Anbau. [&hellip;]<\/p>\n","protected":false},"author":1,"featured_media":0,"parent":188,"menu_order":0,"comment_status":"closed","ping_status":"closed","template":"","meta":[],"_links":{"self":[{"href":"http:\/\/www.salz-exklusiv.de\/index.php?rest_route=\/wp\/v2\/pages\/486"}],"collection":[{"href":"http:\/\/www.salz-exklusiv.de\/index.php?rest_route=\/wp\/v2\/pages"}],"about":[{"href":"http:\/\/www.salz-exklusiv.de\/index.php?rest_route=\/wp\/v2\/types\/page"}],"author":[{"embeddable":true,"href":"http:\/\/www.salz-exklusiv.de\/index.php?rest_route=\/wp\/v2\/users\/1"}],"replies":[{"embeddable":true,"href":"http:\/\/www.salz-exklusiv.de\/index.php?rest_route=%2Fwp%2Fv2%2Fcomments&post=486"}],"version-history":[{"count":9,"href":"http:\/\/www.salz-exklusiv.de\/index.php?rest_route=\/wp\/v2\/pages\/486\/revisions"}],"predecessor-version":[{"id":915,"href":"http:\/\/www.salz-exklusiv.de\/index.php?rest_route=\/wp\/v2\/pages\/486\/revisions\/915"}],"up":[{"embeddable":true,"href":"http:\/\/www.salz-exklusiv.de\/index.php?rest_route=\/wp\/v2\/pages\/188"}],"wp:attachment":[{"href":"http:\/\/www.salz-exklusiv.de\/index.php?rest_route=%2Fwp%2Fv2%2Fmedia&parent=486"}],"curies":[{"name":"wp","href":"https:\/\/api.w.org\/{rel}","templated":true}]}}