{"id":33,"date":"2011-10-21T15:28:52","date_gmt":"2011-10-21T15:28:52","guid":{"rendered":"http:\/\/www.salz-exklusiv.de\/?page_id=33"},"modified":"2021-07-16T15:46:50","modified_gmt":"2021-07-16T15:46:50","slug":"salzladen-onlineshop","status":"publish","type":"page","link":"http:\/\/www.salz-exklusiv.de\/?page_id=33","title":{"rendered":"Salzladen"},"content":{"rendered":"<h2><span data-mce-type=\"bookmark\" style=\"display: inline-block; width: 0px; overflow: hidden; line-height: 0;\" class=\"mce_SELRES_start\">\ufeff<\/span><\/h2>\n<h2><strong><a href=\"http:\/\/www.salz-exklusiv.de\/wp-content\/uploads\/salzladen1-01-01.png\"><img loading=\"lazy\" class=\"aligncenter size-full wp-image-390\" title=\"salzladen1-01-01\" src=\"http:\/\/www.salz-exklusiv.de\/wp-content\/uploads\/salzladen1-01-01.png\" alt=\"\" width=\"600\" height=\"150\" srcset=\"http:\/\/www.salz-exklusiv.de\/wp-content\/uploads\/salzladen1-01-01.png 600w, http:\/\/www.salz-exklusiv.de\/wp-content\/uploads\/salzladen1-01-01-300x75.png 300w\" sizes=\"(max-width: 600px) 100vw, 600px\" \/><\/a><\/strong><\/h2>\n<h2><\/h2>\n<h2><strong>W\u00fcrze des Lebens<\/strong><\/h2>\n<p style=\"text-align: justify;\">Vor hunderten von Millionen Jahren war unsere Erde v\u00f6llig mit Salzwasser bedeckt. Aus ihm entwickelte sich alles Leben. Nur in diesem Salz des Urmeeres sind die Mineralien und Spurenelemente in zellverf\u00fcgbarer Form gebunden. Dies erm\u00f6glicht es dem K\u00f6rper, die notwendige Aufnahme von Natrium, Chlorid, Kalium, Magnesium und Kalzium zu gew\u00e4hrleisten. Ohne diese \u201eZ\u00fcndstoffe des Lebens\u201c k\u00f6nnten sich Zellen nicht teilen, k\u00f6nnten N\u00e4hrstoffe nicht in Energie umgewandelt werden.<\/p>\n<p style=\"text-align: justify;\">Das uns Menschen heute angebotene Speise- und Meersalz bestehend aus reinem NatriumChlorid und zum Teil mit Jod und Fluor versetzt, enth\u00e4lt diese \u201eZ\u00fcndstoffe des Lebens\u201c nicht mehr.<br \/>\n<strong>K\u00f6nigsSalz bietet Ihnen die \u201eW\u00fcrze des Lebens\u201c einen Schatz unserer Erde vollkommen unbehandelt und ohne Zus\u00e4tze.<\/strong><br \/>\nSalz wie es vor hunderten von Millionen Jahren entstanden ist. Nicht raffiniert mit allen lebensnotwenigen Mineralien und Spurenelementen.<\/p>\n<p style=\"text-align: justify;\">Bei K\u00f6nigsSalz k\u00f6nnen Sie verschiedene Natursalze aus der ganzen Welt kennen lernen.<br \/>\nLassen Sie sich in die Vielfalt der Natursalze und Ihre Verwendungen entf\u00fchren.<\/p>\n<ul style=\"text-align: justify;\">\n<li><a title=\"Natur- Gew\u00fcrzSalze\" href=\"http:\/\/www.salz-exklusiv.de\/?page_id=188\">Natur &#8211; Gew\u00fcrzSalze<\/a><\/li>\n<li><a href=\"http:\/\/www.salz-exklusiv.de\/?page_id=193\">Badesalze\/Saunasalze<\/a><\/li>\n<li><a title=\"F\u00fcr Ihre Gesundheit\" href=\"http:\/\/www.salz-exklusiv.de\/?page_id=197\">F\u00fcr Ihre Gesundheit<\/a><\/li>\n<li><a title=\"Salzlampen, Teelicht\" href=\"http:\/\/www.salz-exklusiv.de\/?page_id=200\">Salzlampen, Teelicht<\/a><\/li>\n<li><a title=\"Lecksteine\" href=\"http:\/\/www.salz-exklusiv.de\/?page_id=202\">Lecksteine<\/a><\/li>\n<li><a title=\"Gutscheine, Geschenke\" href=\"http:\/\/www.salz-exklusiv.de\/?page_id=204\">Gutscheine, Geschenkartikel sowie 10er Karten<\/a><\/li>\n<li><a href=\"http:\/\/www.salz-exklusiv.de\/?page_id=363\">Salz des Monats<\/a><\/li>\n<li><a href=\"http:\/\/www.salz-exklusiv.de\/?page_id=1043\">NEU! IngwerTrink<\/a><\/li>\n<li><a href=\"http:\/\/www.salz-exklusiv.de\/?page_id=1045\">NEU! Seifen und Badepralinen<\/a><\/li>\n<\/ul>\n<div style=\"text-align: justify;\">\n<p><strong><br \/>\n<\/strong><\/p>\n<\/div>\n","protected":false},"excerpt":{"rendered":"<p>\ufeff W\u00fcrze des Lebens Vor hunderten von Millionen Jahren war unsere Erde v\u00f6llig mit Salzwasser bedeckt. Aus ihm entwickelte sich alles Leben. Nur in diesem Salz des Urmeeres sind die Mineralien und Spurenelemente in zellverf\u00fcgbarer Form gebunden. Dies erm\u00f6glicht es dem K\u00f6rper, die notwendige Aufnahme von Natrium, Chlorid, Kalium, Magnesium und Kalzium zu gew\u00e4hrleisten. Ohne [&hellip;]<\/p>\n","protected":false},"author":1,"featured_media":0,"parent":0,"menu_order":2,"comment_status":"closed","ping_status":"closed","template":"","meta":[],"_links":{"self":[{"href":"http:\/\/www.salz-exklusiv.de\/index.php?rest_route=\/wp\/v2\/pages\/33"}],"collection":[{"href":"http:\/\/www.salz-exklusiv.de\/index.php?rest_route=\/wp\/v2\/pages"}],"about":[{"href":"http:\/\/www.salz-exklusiv.de\/index.php?rest_route=\/wp\/v2\/types\/page"}],"author":[{"embeddable":true,"href":"http:\/\/www.salz-exklusiv.de\/index.php?rest_route=\/wp\/v2\/users\/1"}],"replies":[{"embeddable":true,"href":"http:\/\/www.salz-exklusiv.de\/index.php?rest_route=%2Fwp%2Fv2%2Fcomments&post=33"}],"version-history":[{"count":67,"href":"http:\/\/www.salz-exklusiv.de\/index.php?rest_route=\/wp\/v2\/pages\/33\/revisions"}],"predecessor-version":[{"id":1311,"href":"http:\/\/www.salz-exklusiv.de\/index.php?rest_route=\/wp\/v2\/pages\/33\/revisions\/1311"}],"wp:attachment":[{"href":"http:\/\/www.salz-exklusiv.de\/index.php?rest_route=%2Fwp%2Fv2%2Fmedia&parent=33"}],"curies":[{"name":"wp","href":"https:\/\/api.w.org\/{rel}","templated":true}]}}