{"id":30,"date":"2011-10-21T15:28:35","date_gmt":"2011-10-21T15:28:35","guid":{"rendered":"http:\/\/www.salz-exklusiv.de\/?page_id=30"},"modified":"2015-03-09T19:15:59","modified_gmt":"2015-03-09T19:15:59","slug":"natursalz-kochsalz","status":"publish","type":"page","link":"http:\/\/www.salz-exklusiv.de\/?page_id=30","title":{"rendered":"Warum Natursalz"},"content":{"rendered":"<p style=\"text-align: justify;\"><a href=\"http:\/\/www.salz-exklusiv.de\/wp-content\/uploads\/salzladen.jpg\"><img loading=\"lazy\" class=\"aligncenter size-full wp-image-54\" title=\"warum natursalz\" src=\"http:\/\/www.salz-exklusiv.de\/wp-content\/uploads\/salzladen.jpg\" alt=\"Regal mit verschiedenen Salzen\" width=\"600\" height=\"200\" srcset=\"http:\/\/www.salz-exklusiv.de\/wp-content\/uploads\/salzladen.jpg 600w, http:\/\/www.salz-exklusiv.de\/wp-content\/uploads\/salzladen-300x100.jpg 300w\" sizes=\"(max-width: 600px) 100vw, 600px\" \/><\/a><\/p>\n<p style=\"text-align: justify;\">Der Mensch besteht haupts\u00e4chlich aus Wasser und Salz.<\/p>\n<p style=\"text-align: justify;\">Im Kristallsalz sind alle 84 Elementen, die auch im menschlichen K\u00f6rper vorkommen, enthalten.<\/p>\n<p style=\"text-align: justify;\">Beim raffinieren von Natursalz werden alle nat\u00fcrlichen Bestandteile, die f\u00fcr den K\u00f6rper so wichtig sind, beseitigt.<\/p>\n<p style=\"text-align: justify;\"><span style=\"color: #ff6600;\"><strong><em>(Magnesium f\u00fcr Muskelentspannung, Calcium f\u00fcr starke Knochen, Kalium f\u00fcr Nervenfunktionen, Natrium f\u00fcr Regulierung des Wasserhaushaltes, Phosphor f\u00fcr den Zellstoffwechsel, Jod f\u00fcr Schilddr\u00fcse und Hormone, Eisen f\u00fcr die Blutbildung und Sauerstofftransport, Zink f\u00fcr Stoffwechsel und Immunsystem\u2026)<\/em><\/strong><\/span><\/p>\n<p style=\"text-align: justify;\">\u00dcbrig bleibt der reduzierte Stoff Natrium-Chlorid, der zu 99,9% im Handel als Speisesalz angeboten wird.<\/p>\n<p style=\"text-align: justify;\">Der Lebensstoff Natursalz ist zerst\u00f6rt.<\/p>\n<p style=\"text-align: justify;\">____________________________________________________________________________________<\/p>\n<p style=\"text-align: left;\"><a href=\"http:\/\/www.salz-exklusiv.de\/wp-content\/uploads\/UnterschiedSalzNatursalz.pdf\" target=\"_blank\"><img loading=\"lazy\" class=\"size-full wp-image-675\" title=\"pdf_logo\" src=\"http:\/\/www.salz-exklusiv.de\/wp-content\/uploads\/pdf_logo.jpg\" alt=\"\" width=\"50\" height=\"50\" \/><\/a>\u00a0 \u00a0 Warum Natursalz? PDF-Download.<\/p>\n","protected":false},"excerpt":{"rendered":"<p>Der Mensch besteht haupts\u00e4chlich aus Wasser und Salz. Im Kristallsalz sind alle 84 Elementen, die auch im menschlichen K\u00f6rper vorkommen, enthalten. Beim raffinieren von Natursalz werden alle nat\u00fcrlichen Bestandteile, die f\u00fcr den K\u00f6rper so wichtig sind, beseitigt. (Magnesium f\u00fcr Muskelentspannung, Calcium f\u00fcr starke Knochen, Kalium f\u00fcr Nervenfunktionen, Natrium f\u00fcr Regulierung des Wasserhaushaltes, Phosphor f\u00fcr den [&hellip;]<\/p>\n","protected":false},"author":1,"featured_media":0,"parent":0,"menu_order":2,"comment_status":"closed","ping_status":"closed","template":"","meta":[],"_links":{"self":[{"href":"http:\/\/www.salz-exklusiv.de\/index.php?rest_route=\/wp\/v2\/pages\/30"}],"collection":[{"href":"http:\/\/www.salz-exklusiv.de\/index.php?rest_route=\/wp\/v2\/pages"}],"about":[{"href":"http:\/\/www.salz-exklusiv.de\/index.php?rest_route=\/wp\/v2\/types\/page"}],"author":[{"embeddable":true,"href":"http:\/\/www.salz-exklusiv.de\/index.php?rest_route=\/wp\/v2\/users\/1"}],"replies":[{"embeddable":true,"href":"http:\/\/www.salz-exklusiv.de\/index.php?rest_route=%2Fwp%2Fv2%2Fcomments&post=30"}],"version-history":[{"count":20,"href":"http:\/\/www.salz-exklusiv.de\/index.php?rest_route=\/wp\/v2\/pages\/30\/revisions"}],"predecessor-version":[{"id":1000,"href":"http:\/\/www.salz-exklusiv.de\/index.php?rest_route=\/wp\/v2\/pages\/30\/revisions\/1000"}],"wp:attachment":[{"href":"http:\/\/www.salz-exklusiv.de\/index.php?rest_route=%2Fwp%2Fv2%2Fmedia&parent=30"}],"curies":[{"name":"wp","href":"https:\/\/api.w.org\/{rel}","templated":true}]}}