{"id":27,"date":"2011-10-21T15:29:17","date_gmt":"2011-10-21T15:29:17","guid":{"rendered":"http:\/\/www.salz-exklusiv.de\/?page_id=27"},"modified":"2012-09-25T08:16:53","modified_gmt":"2012-09-25T08:16:53","slug":"wirkung","status":"publish","type":"page","link":"http:\/\/www.salz-exklusiv.de\/?page_id=27","title":{"rendered":"Wirkung"},"content":{"rendered":"<p><strong>Natursalz wirkt positiv auf<\/strong><a href=\"http:\/\/www.salz-exklusiv.de\/wp-content\/uploads\/natursalz.jpg\"><img loading=\"lazy\" class=\"alignright size-full wp-image-39\" title=\"natursalz\" src=\"http:\/\/www.salz-exklusiv.de\/wp-content\/uploads\/natursalz.jpg\" alt=\"Hier werden Salze Pr\u00e4sentiert\" width=\"224\" height=\"184\" srcset=\"http:\/\/www.salz-exklusiv.de\/wp-content\/uploads\/natursalz.jpg 374w, http:\/\/www.salz-exklusiv.de\/wp-content\/uploads\/natursalz-300x246.jpg 300w\" sizes=\"(max-width: 224px) 100vw, 224px\" \/><\/a><\/p>\n<ul>\n<li>Asthma bronchiale<\/li>\n<li>Pseudo Krupp<\/li>\n<li>Bronchitis<\/li>\n<li>Heuschnupfen<\/li>\n<li>allergischer Schnupfen<\/li>\n<li>Nasennebenh\u00f6hlenentz\u00fcndung<\/li>\n<li>Migr\u00e4ne<\/li>\n<li>Hauterkrankungen wie Neurodermitis und Schuppenflechte<\/li>\n<li>Bluthochdruck<\/li>\n<li>Schlafst\u00f6rungen<\/li>\n<li>Tinnitus<\/li>\n<li>Depressionen<\/li>\n<li>Burn-Out-Syndrom \u2026<\/li>\n<\/ul>\n<p style=\"text-align: center;\"><a href=\"http:\/\/www.salz-exklusiv.de\/wp-content\/uploads\/Natursalzist.png\"><img loading=\"lazy\" class=\"aligncenter size-full wp-image-647\" title=\"Natursalzist\" src=\"http:\/\/www.salz-exklusiv.de\/wp-content\/uploads\/Natursalzist.png\" alt=\"\" width=\"576\" height=\"282\" srcset=\"http:\/\/www.salz-exklusiv.de\/wp-content\/uploads\/Natursalzist.png 800w, http:\/\/www.salz-exklusiv.de\/wp-content\/uploads\/Natursalzist-300x147.png 300w\" sizes=\"(max-width: 576px) 100vw, 576px\" \/><\/a><\/p>\n","protected":false},"excerpt":{"rendered":"<p>Natursalz wirkt positiv auf Asthma bronchiale Pseudo Krupp Bronchitis Heuschnupfen allergischer Schnupfen Nasennebenh\u00f6hlenentz\u00fcndung Migr\u00e4ne Hauterkrankungen wie Neurodermitis und Schuppenflechte Bluthochdruck Schlafst\u00f6rungen Tinnitus Depressionen Burn-Out-Syndrom \u2026<\/p>\n","protected":false},"author":1,"featured_media":0,"parent":134,"menu_order":1,"comment_status":"closed","ping_status":"closed","template":"","meta":[],"_links":{"self":[{"href":"http:\/\/www.salz-exklusiv.de\/index.php?rest_route=\/wp\/v2\/pages\/27"}],"collection":[{"href":"http:\/\/www.salz-exklusiv.de\/index.php?rest_route=\/wp\/v2\/pages"}],"about":[{"href":"http:\/\/www.salz-exklusiv.de\/index.php?rest_route=\/wp\/v2\/types\/page"}],"author":[{"embeddable":true,"href":"http:\/\/www.salz-exklusiv.de\/index.php?rest_route=\/wp\/v2\/users\/1"}],"replies":[{"embeddable":true,"href":"http:\/\/www.salz-exklusiv.de\/index.php?rest_route=%2Fwp%2Fv2%2Fcomments&post=27"}],"version-history":[{"count":18,"href":"http:\/\/www.salz-exklusiv.de\/index.php?rest_route=\/wp\/v2\/pages\/27\/revisions"}],"predecessor-version":[{"id":44,"href":"http:\/\/www.salz-exklusiv.de\/index.php?rest_route=\/wp\/v2\/pages\/27\/revisions\/44"}],"up":[{"embeddable":true,"href":"http:\/\/www.salz-exklusiv.de\/index.php?rest_route=\/wp\/v2\/pages\/134"}],"wp:attachment":[{"href":"http:\/\/www.salz-exklusiv.de\/index.php?rest_route=%2Fwp%2Fv2%2Fmedia&parent=27"}],"curies":[{"name":"wp","href":"https:\/\/api.w.org\/{rel}","templated":true}]}}