{"id":202,"date":"2011-12-11T19:23:26","date_gmt":"2011-12-11T19:23:26","guid":{"rendered":"http:\/\/www.salz-exklusiv.de\/?page_id=202"},"modified":"2012-09-13T16:03:36","modified_gmt":"2012-09-13T16:03:36","slug":"lecksteine","status":"publish","type":"page","link":"http:\/\/www.salz-exklusiv.de\/?page_id=202","title":{"rendered":"Lecksteine"},"content":{"rendered":"<p><a href=\"http:\/\/www.salz-exklusiv.de\/wp-content\/uploads\/Lecksteine.png\"><img loading=\"lazy\" class=\"aligncenter size-full wp-image-442\" title=\"Lecksteine\" src=\"http:\/\/www.salz-exklusiv.de\/wp-content\/uploads\/Lecksteine.png\" alt=\"\" width=\"600\" height=\"150\" srcset=\"http:\/\/www.salz-exklusiv.de\/wp-content\/uploads\/Lecksteine.png 600w, http:\/\/www.salz-exklusiv.de\/wp-content\/uploads\/Lecksteine-300x75.png 300w\" sizes=\"(max-width: 600px) 100vw, 600px\" \/><\/a><\/p>\n<p><span style=\"color: #ff6600;\"><strong>Die Pferde des englischen K\u00f6nigshauses, die der spanischen Hofreitschule in Wien und die Pferde der vereinigten arabischen Emirate lecken K\u00f6nigsSalzLecksteine.<\/strong>\u00a0<\/span><\/p>\n<p>Neben den \u201eber\u00fchmten Pferden\u201c m\u00f6chten aber auch ganz viele \u201ePferde vom Lande\u201c den K\u00f6nigsSalzLeckstein nicht mehr missen.<\/p>\n<p>Salz wie es vor hunderten von Millionen Jahren entstanden ist enth\u00e4lt es alle lebensnotwendigen Mineralien die Tiere und Menschen ben\u00f6tigen.K\u00f6nigsSalzLecksteine sind frei von Verschmutzungen der heutigen Meere. Sie haben Lebensmittelqualit\u00e4t und sind trocken unbegrenzt lagerf\u00e4hig.<\/p>\n<p>Alle Lecksteine werden von Hand bearbeitet\u00a0und unterscheiden sich etwas in Form und Farbe. Nach dem Trocknen werden die Steine einzeln in Folie verpackt und kartoniert. Dies selbstverst\u00e4ndlich ohne Kinderarbeit.<\/p>\n<p>&nbsp;<\/p>\n<p><strong><br \/>\n<\/strong><\/p>\n<address>\u00a0<\/address>\n<address>\u00a0<\/address>\n","protected":false},"excerpt":{"rendered":"<p>Die Pferde des englischen K\u00f6nigshauses, die der spanischen Hofreitschule in Wien und die Pferde der vereinigten arabischen Emirate lecken K\u00f6nigsSalzLecksteine.\u00a0 Neben den \u201eber\u00fchmten Pferden\u201c m\u00f6chten aber auch ganz viele \u201ePferde vom Lande\u201c den K\u00f6nigsSalzLeckstein nicht mehr missen. Salz wie es vor hunderten von Millionen Jahren entstanden ist enth\u00e4lt es alle lebensnotwendigen Mineralien die Tiere und [&hellip;]<\/p>\n","protected":false},"author":1,"featured_media":0,"parent":33,"menu_order":0,"comment_status":"closed","ping_status":"closed","template":"","meta":[],"_links":{"self":[{"href":"http:\/\/www.salz-exklusiv.de\/index.php?rest_route=\/wp\/v2\/pages\/202"}],"collection":[{"href":"http:\/\/www.salz-exklusiv.de\/index.php?rest_route=\/wp\/v2\/pages"}],"about":[{"href":"http:\/\/www.salz-exklusiv.de\/index.php?rest_route=\/wp\/v2\/types\/page"}],"author":[{"embeddable":true,"href":"http:\/\/www.salz-exklusiv.de\/index.php?rest_route=\/wp\/v2\/users\/1"}],"replies":[{"embeddable":true,"href":"http:\/\/www.salz-exklusiv.de\/index.php?rest_route=%2Fwp%2Fv2%2Fcomments&post=202"}],"version-history":[{"count":9,"href":"http:\/\/www.salz-exklusiv.de\/index.php?rest_route=\/wp\/v2\/pages\/202\/revisions"}],"predecessor-version":[{"id":441,"href":"http:\/\/www.salz-exklusiv.de\/index.php?rest_route=\/wp\/v2\/pages\/202\/revisions\/441"}],"up":[{"embeddable":true,"href":"http:\/\/www.salz-exklusiv.de\/index.php?rest_route=\/wp\/v2\/pages\/33"}],"wp:attachment":[{"href":"http:\/\/www.salz-exklusiv.de\/index.php?rest_route=%2Fwp%2Fv2%2Fmedia&parent=202"}],"curies":[{"name":"wp","href":"https:\/\/api.w.org\/{rel}","templated":true}]}}