{"id":200,"date":"2011-12-11T19:22:48","date_gmt":"2011-12-11T19:22:48","guid":{"rendered":"http:\/\/www.salz-exklusiv.de\/?page_id=200"},"modified":"2012-09-26T06:48:59","modified_gmt":"2012-09-26T06:48:59","slug":"salzlampen-teelicht","status":"publish","type":"page","link":"http:\/\/www.salz-exklusiv.de\/?page_id=200","title":{"rendered":"Salzlampen, Teelichter"},"content":{"rendered":"<p>&nbsp;<\/p>\n<p style=\"text-align: center;\"><strong><span style=\"color: #ff6600;\">&#8230; in verschiedenen Variationen und Gr\u00f6\u00dfen bei uns im Salzladen erh\u00e4ltlich!<\/span><\/strong><\/p>\n<table class=\"aligncenter\">\n<tbody>\n<tr>\n<th><a href=\"http:\/\/www.salz-exklusiv.de\/wp-content\/uploads\/P9040122.jpg\"><img loading=\"lazy\" class=\"aligncenter size-full wp-image-694\" title=\"OLYMPUS DIGITAL CAMERA\" src=\"http:\/\/www.salz-exklusiv.de\/wp-content\/uploads\/P9040122.jpg\" alt=\"\" width=\"252\" height=\"336\" srcset=\"http:\/\/www.salz-exklusiv.de\/wp-content\/uploads\/P9040122.jpg 300w, http:\/\/www.salz-exklusiv.de\/wp-content\/uploads\/P9040122-225x300.jpg 225w\" sizes=\"(max-width: 252px) 100vw, 252px\" \/><\/a><\/th>\n<th><a href=\"http:\/\/www.salz-exklusiv.de\/wp-content\/uploads\/P9040121.jpg\"><img loading=\"lazy\" class=\"aligncenter size-full wp-image-693\" title=\"OLYMPUS DIGITAL CAMERA\" src=\"http:\/\/www.salz-exklusiv.de\/wp-content\/uploads\/P9040121.jpg\" alt=\"\" width=\"252\" height=\"336\" srcset=\"http:\/\/www.salz-exklusiv.de\/wp-content\/uploads\/P9040121.jpg 300w, http:\/\/www.salz-exklusiv.de\/wp-content\/uploads\/P9040121-225x300.jpg 225w\" sizes=\"(max-width: 252px) 100vw, 252px\" \/><\/a><\/th>\n<\/tr>\n<tr>\n<th><a href=\"http:\/\/www.salz-exklusiv.de\/wp-content\/uploads\/P9040114.jpg\"><img loading=\"lazy\" class=\"aligncenter size-full wp-image-692\" title=\"OLYMPUS DIGITAL CAMERA\" src=\"http:\/\/www.salz-exklusiv.de\/wp-content\/uploads\/P9040114.jpg\" alt=\"\" width=\"252\" height=\"336\" srcset=\"http:\/\/www.salz-exklusiv.de\/wp-content\/uploads\/P9040114.jpg 300w, http:\/\/www.salz-exklusiv.de\/wp-content\/uploads\/P9040114-225x300.jpg 225w\" sizes=\"(max-width: 252px) 100vw, 252px\" \/><\/a><\/th>\n<th><a href=\"http:\/\/www.salz-exklusiv.de\/wp-content\/uploads\/P9040113.jpg\"><img loading=\"lazy\" class=\"aligncenter size-full wp-image-691\" title=\"OLYMPUS DIGITAL CAMERA\" src=\"http:\/\/www.salz-exklusiv.de\/wp-content\/uploads\/P9040113.jpg\" alt=\"\" width=\"252\" height=\"336\" srcset=\"http:\/\/www.salz-exklusiv.de\/wp-content\/uploads\/P9040113.jpg 300w, http:\/\/www.salz-exklusiv.de\/wp-content\/uploads\/P9040113-225x300.jpg 225w\" sizes=\"(max-width: 252px) 100vw, 252px\" \/><\/a><\/th>\n<\/tr>\n<\/tbody>\n<\/table>\n","protected":false},"excerpt":{"rendered":"<p>&nbsp; &#8230; in verschiedenen Variationen und Gr\u00f6\u00dfen bei uns im Salzladen erh\u00e4ltlich!<\/p>\n","protected":false},"author":1,"featured_media":0,"parent":33,"menu_order":0,"comment_status":"closed","ping_status":"closed","template":"","meta":[],"_links":{"self":[{"href":"http:\/\/www.salz-exklusiv.de\/index.php?rest_route=\/wp\/v2\/pages\/200"}],"collection":[{"href":"http:\/\/www.salz-exklusiv.de\/index.php?rest_route=\/wp\/v2\/pages"}],"about":[{"href":"http:\/\/www.salz-exklusiv.de\/index.php?rest_route=\/wp\/v2\/types\/page"}],"author":[{"embeddable":true,"href":"http:\/\/www.salz-exklusiv.de\/index.php?rest_route=\/wp\/v2\/users\/1"}],"replies":[{"embeddable":true,"href":"http:\/\/www.salz-exklusiv.de\/index.php?rest_route=%2Fwp%2Fv2%2Fcomments&post=200"}],"version-history":[{"count":13,"href":"http:\/\/www.salz-exklusiv.de\/index.php?rest_route=\/wp\/v2\/pages\/200\/revisions"}],"predecessor-version":[{"id":219,"href":"http:\/\/www.salz-exklusiv.de\/index.php?rest_route=\/wp\/v2\/pages\/200\/revisions\/219"}],"up":[{"embeddable":true,"href":"http:\/\/www.salz-exklusiv.de\/index.php?rest_route=\/wp\/v2\/pages\/33"}],"wp:attachment":[{"href":"http:\/\/www.salz-exklusiv.de\/index.php?rest_route=%2Fwp%2Fv2%2Fmedia&parent=200"}],"curies":[{"name":"wp","href":"https:\/\/api.w.org\/{rel}","templated":true}]}}