{"id":197,"date":"2011-12-11T19:21:26","date_gmt":"2011-12-11T19:21:26","guid":{"rendered":"http:\/\/www.salz-exklusiv.de\/?page_id=197"},"modified":"2014-04-05T12:08:35","modified_gmt":"2014-04-05T12:08:35","slug":"fur-ihre-gesundheit","status":"publish","type":"page","link":"http:\/\/www.salz-exklusiv.de\/?page_id=197","title":{"rendered":"F\u00fcr Ihre Gesundheit"},"content":{"rendered":"<p><span style=\"font-size: 20px;\"><strong>Sole<\/strong><\/span><br \/>\n<a href=\"http:\/\/www.salz-exklusiv.de\/wp-content\/uploads\/salzladen.jpg\" name=\"oben\"><\/a><\/p>\n<p>Hochwertige K\u00f6nigsSalze in der Spezialmischung (Alpen-, Halit-, Persien- und Himalayasalz) sind eine auf den menschlichen K\u00f6rper optimal abgestimmte Mischung!<\/p>\n<p>Erh\u00e4ltlich im attraktiven Stangenglas oder als Nachf\u00fcllpack in der T\u00fcte.<\/p>\n<p><img loading=\"lazy\" class=\"alignleft size-full wp-image-89\" title=\"sole\" alt=\"\" src=\"http:\/\/www.salz-exklusiv.de\/wp-content\/uploads\/sole.png\" width=\"80\" height=\"110\" \/><\/p>\n<p>&nbsp;<\/p>\n<p>Verd\u00fcnnt zum Trinken, Inhalieren, Z\u00e4hneputzen, Nasen- u. Augensp\u00fclungen, uvm.<\/p>\n<p><strong>Zubereitung:<\/strong> F\u00fcllen Sie 1 Glas mit K\u00f6nigsSalzKristallen und gutem Wasser. Nach 2 Stunden entsteht eine L\u00f6sung mit 26% Salzgehalt. Das Salz sollte immer mit Wasser bedeckt sein. Ein K\u00f6nigsSalz-Flyer informiert \u00fcber Solezubereitungen und Anwendungen.<\/p>\n<p>__________________________________________________________________________<\/p>\n<p><a href=\"http:\/\/www.salz-exklusiv.de\/wp-content\/uploads\/Flyer Kristall-SalzSole-Koerffer.pdf\" target=\"_blank\"><img loading=\"lazy\" class=\"size-full wp-image-675\" title=\"pdf_logo\" alt=\"\" src=\"http:\/\/www.salz-exklusiv.de\/wp-content\/uploads\/pdf_logo.jpg\" width=\"50\" height=\"50\" \/><\/a>\u00a0Sole Herstellung und Anwendung. PDF-Download.<\/p>\n","protected":false},"excerpt":{"rendered":"<p>Sole Hochwertige K\u00f6nigsSalze in der Spezialmischung (Alpen-, Halit-, Persien- und Himalayasalz) sind eine auf den menschlichen K\u00f6rper optimal abgestimmte Mischung! Erh\u00e4ltlich im attraktiven Stangenglas oder als Nachf\u00fcllpack in der T\u00fcte. &nbsp; Verd\u00fcnnt zum Trinken, Inhalieren, Z\u00e4hneputzen, Nasen- u. Augensp\u00fclungen, uvm. Zubereitung: F\u00fcllen Sie 1 Glas mit K\u00f6nigsSalzKristallen und gutem Wasser. Nach 2 Stunden entsteht eine [&hellip;]<\/p>\n","protected":false},"author":1,"featured_media":0,"parent":33,"menu_order":0,"comment_status":"closed","ping_status":"closed","template":"","meta":[],"_links":{"self":[{"href":"http:\/\/www.salz-exklusiv.de\/index.php?rest_route=\/wp\/v2\/pages\/197"}],"collection":[{"href":"http:\/\/www.salz-exklusiv.de\/index.php?rest_route=\/wp\/v2\/pages"}],"about":[{"href":"http:\/\/www.salz-exklusiv.de\/index.php?rest_route=\/wp\/v2\/types\/page"}],"author":[{"embeddable":true,"href":"http:\/\/www.salz-exklusiv.de\/index.php?rest_route=\/wp\/v2\/users\/1"}],"replies":[{"embeddable":true,"href":"http:\/\/www.salz-exklusiv.de\/index.php?rest_route=%2Fwp%2Fv2%2Fcomments&post=197"}],"version-history":[{"count":12,"href":"http:\/\/www.salz-exklusiv.de\/index.php?rest_route=\/wp\/v2\/pages\/197\/revisions"}],"predecessor-version":[{"id":923,"href":"http:\/\/www.salz-exklusiv.de\/index.php?rest_route=\/wp\/v2\/pages\/197\/revisions\/923"}],"up":[{"embeddable":true,"href":"http:\/\/www.salz-exklusiv.de\/index.php?rest_route=\/wp\/v2\/pages\/33"}],"wp:attachment":[{"href":"http:\/\/www.salz-exklusiv.de\/index.php?rest_route=%2Fwp%2Fv2%2Fmedia&parent=197"}],"curies":[{"name":"wp","href":"https:\/\/api.w.org\/{rel}","templated":true}]}}