{"id":193,"date":"2011-12-11T19:20:01","date_gmt":"2011-12-11T19:20:01","guid":{"rendered":"http:\/\/www.salz-exklusiv.de\/?page_id=193"},"modified":"2015-03-09T19:25:12","modified_gmt":"2015-03-09T19:25:12","slug":"badesalze","status":"publish","type":"page","link":"http:\/\/www.salz-exklusiv.de\/?page_id=193","title":{"rendered":"Badesalze \/ Saunasalze"},"content":{"rendered":"<p><img src=\"http:\/\/www.salz-exklusiv.de\/wp-content\/uploads\/Saunasalz.jpg\" width=\"100%\"\/><\/p>\n<h1><strong><span style=\"color: #ff6600;\">Badesalze<\/span><\/strong><\/h1>\n<ul>\n<li><strong><span style=\"color: #ff6600;\">f\u00fcr Anwendungen:\u00a0<\/span><\/strong>Empfohlen bei den verschiedensten Hauterkrankungen, wie Neurodermitis, Schuppenflechte, Akne, Hautallergien, bei Rheuma- Gicht- und Gelenkbeschwerden, zur allgemeinen St\u00e4rkung des Immunsystems und zur Entschlackung des K\u00f6rpers.\u00a0Ein Solebad wirkt Kreislauf anregend, durchblutungsf\u00f6rdernd und das Immunsystem st\u00e4rkend.<br \/>\n<strong>Anwendung:<\/strong><span style=\"color: #ff0000;\">\u00a0<\/span>1 kg Salz auf ein Vollbad\u2028Badedauer ca. 15 bis 20 Minuten, nicht abduschen ca. 20 Minuten ruhen.<\/li>\n<\/ul>\n<ul>\n<li><strong><span style=\"color: #ff6600;\">mit Bl\u00fcten:\u00a0<\/span><\/strong>Verw\u00f6hnt und pflegt Ihre Haut ohne chemie mit nat\u00fcrlichen Mineralien und duftenden Lavendel- bzw. Rosenbl\u00fcten. Der gesunde Badegenuss schenkt Ihrem K\u00f6rper Kraft und Ausgeglichenheit.<br \/>\n<strong>Anwendung:<\/strong>\u00a0ca. 300 g auf ein Vollbad\u00a0Badedauer ca. 15 bis 20 Minuten, keine Seife oder Duschgel verwenden.<\/li>\n<\/ul>\n<ul>\n<li><strong style=\"color: #ff6600;\"><span style=\"font-family: Arial;\">mit \u00e4therischen \u00d6len:\u00a0<\/span><\/strong><span style=\"font-family: Arial;\">Reine Extrakte, pflanzliche \u00e4therische \u00d6le umschmeicheln Ihre Haut mit edlen D\u00fcften und wirken in die Tiefe. Wertvolle N\u00e4hrstoffe und nat\u00fcrliches VitaminE verhindern vorzeitige Hautalterung.\u00a0<\/span><br \/>\n<strong>Anwendung: <\/strong>2 Essl\u00f6ffel auf ein Vollbad\u00a0Badedauer ca. 15 bis 20 Minuten<span style=\"color: #0000ff;\">.<\/span><\/li>\n<\/ul>\n<table>\n<tbody>\n<tr>\n<th><span style=\"color: #ff6600;\">LavendelOrange<\/span><\/th>\n<th>entspannend<\/th>\n<\/tr>\n<tr>\n<th><span style=\"color: #ff6600;\">BergamotteRosmarin<\/span><\/th>\n<th>vitalisierend<\/th>\n<\/tr>\n<tr>\n<th><span style=\"color: #ff6600;\">WacholderLavendel<\/span><\/th>\n<th>entschlackend<\/th>\n<\/tr>\n<tr>\n<th><span style=\"color: #ff6600;\">Ylang-YlangBergamotte<\/span><\/th>\n<th>aphrodisierend<\/th>\n<\/tr>\n<\/tbody>\n<\/table>\n<p><\/p>\n<h1><span style=\"color: #ff6600;\">Saunasalze<\/span><\/h1>\n<p><span style=\"font-family: Arial;\"><span style=\"color: #ff0000;\"><strong><span style=\"color: #ff6600;\">Fruchtig und frisch f\u00fcr K\u00f6rper und Geist<\/span><\/strong><\/span><\/span><\/p>\n<p><span style=\"font-family: Arial;\"><span style=\"color: #ff0000;\"><span style=\"color: #000000;\">In der Sauna oder im Dampfbad\u00a0 \u00f6ffnen sich die Poren, Schwei\u00df und Talg k\u00f6nnen besser abflie\u00dfen. Sanftes Peelen entfernt auf nat\u00fcrlichem Wege abgestorbene Hautzellen. Es gl\u00e4ttet die Haut und f\u00f6rdert gleichzeitig die Zellerneuerung. Bei Cellulitis verbessert es das gesamte Hauterscheinungsbild. Nach dem Peelen ist die Haut\u00a0 weich und seidig. Der angenehme Duft sorgt f\u00fcr pures Wohlgef\u00fchl.<br \/>\n<\/span><\/span><\/span><span style=\"color: #000000;\"><strong>Anwendung:<\/strong>\u00a0Auf die nasse Haut auftragen, in kreisenden Bewegungen leicht einmassieren. Mit Wasser absp\u00fclen. M\u00f6glichst nach dem letzten Saunagang.<\/span><span style=\"font-family: Arial;\"><span style=\"color: #ff0000;\"><br \/>\n<\/span><\/span><\/p>\n","protected":false},"excerpt":{"rendered":"<p>Badesalze f\u00fcr Anwendungen:\u00a0Empfohlen bei den verschiedensten Hauterkrankungen, wie Neurodermitis, Schuppenflechte, Akne, Hautallergien, bei Rheuma- Gicht- und Gelenkbeschwerden, zur allgemeinen St\u00e4rkung des Immunsystems und zur Entschlackung des K\u00f6rpers.\u00a0Ein Solebad wirkt Kreislauf anregend, durchblutungsf\u00f6rdernd und das Immunsystem st\u00e4rkend. Anwendung:\u00a01 kg Salz auf ein Vollbad\u2028Badedauer ca. 15 bis 20 Minuten, nicht abduschen ca. 20 Minuten ruhen. mit Bl\u00fcten:\u00a0Verw\u00f6hnt [&hellip;]<\/p>\n","protected":false},"author":1,"featured_media":0,"parent":33,"menu_order":0,"comment_status":"closed","ping_status":"closed","template":"","meta":[],"_links":{"self":[{"href":"http:\/\/www.salz-exklusiv.de\/index.php?rest_route=\/wp\/v2\/pages\/193"}],"collection":[{"href":"http:\/\/www.salz-exklusiv.de\/index.php?rest_route=\/wp\/v2\/pages"}],"about":[{"href":"http:\/\/www.salz-exklusiv.de\/index.php?rest_route=\/wp\/v2\/types\/page"}],"author":[{"embeddable":true,"href":"http:\/\/www.salz-exklusiv.de\/index.php?rest_route=\/wp\/v2\/users\/1"}],"replies":[{"embeddable":true,"href":"http:\/\/www.salz-exklusiv.de\/index.php?rest_route=%2Fwp%2Fv2%2Fcomments&post=193"}],"version-history":[{"count":45,"href":"http:\/\/www.salz-exklusiv.de\/index.php?rest_route=\/wp\/v2\/pages\/193\/revisions"}],"predecessor-version":[{"id":1006,"href":"http:\/\/www.salz-exklusiv.de\/index.php?rest_route=\/wp\/v2\/pages\/193\/revisions\/1006"}],"up":[{"embeddable":true,"href":"http:\/\/www.salz-exklusiv.de\/index.php?rest_route=\/wp\/v2\/pages\/33"}],"wp:attachment":[{"href":"http:\/\/www.salz-exklusiv.de\/index.php?rest_route=%2Fwp%2Fv2%2Fmedia&parent=193"}],"curies":[{"name":"wp","href":"https:\/\/api.w.org\/{rel}","templated":true}]}}