{"id":188,"date":"2011-12-11T19:16:01","date_gmt":"2011-12-11T19:16:01","guid":{"rendered":"http:\/\/www.salz-exklusiv.de\/?page_id=188"},"modified":"2015-03-09T19:27:58","modified_gmt":"2015-03-09T19:27:58","slug":"testseite","status":"publish","type":"page","link":"http:\/\/www.salz-exklusiv.de\/?page_id=188","title":{"rendered":"Natur- Gew\u00fcrzSalze"},"content":{"rendered":"<h3 id=\"gewuerz\" style=\"text-align: center;\">In unserem Salzladen finden Sie eine gro\u00dfe Auswahl an<\/h3>\n<h2 style=\"text-align: center;\">Natur &#8211; Gew\u00fcrzSalzen<\/h2>\n<p>&nbsp;<\/p>\n<p><span style=\"color: #ff6600;\"><strong>Das \u201ewei\u00dfe Gold\u201c \u2013 HalitSalz bildet die Grundlage unserer Gew\u00fcrzSalze. Die Kr\u00e4uter werden weder begast noch bestrahlt oder anderweitig behandelt. Es wird kein gentechnisch ver\u00e4ndertes Saatgut verwendet. Alle Kr\u00e4uter stammen aus kontrolliert biologischem Anbau. Genie\u00dfen Sie verschiedene Gew\u00fcrzrichtungen.<\/strong><\/span><\/p>\n<p>&nbsp;<\/p>\n<h1><span style=\"color: #ff6600;\">Natursalze<\/span><\/h1>\n<table>\n<tbody>\n<tr>\n<td><a href=\"http:\/\/www.salz-exklusiv.de\/?page_id=523\"><img loading=\"lazy\" class=\"aligncenter size-full wp-image-456\" title=\"HalitS\" src=\"http:\/\/www.salz-exklusiv.de\/wp-content\/uploads\/HalitS.png\" alt=\"\" width=\"270\" height=\"90\" \/><\/a><\/td>\n<td><a href=\"http:\/\/www.salz-exklusiv.de\/?page_id=519\"><img loading=\"lazy\" class=\"aligncenter size-full wp-image-457\" title=\"HimalayaS\" src=\"http:\/\/www.salz-exklusiv.de\/wp-content\/uploads\/HimalayaS.png\" alt=\"\" width=\"270\" height=\"90\" \/><\/a><\/td>\n<\/tr>\n<tr>\n<td><a href=\"http:\/\/www.salz-exklusiv.de\/?page_id=539\"><img loading=\"lazy\" class=\"aligncenter size-full wp-image-452\" title=\"AlpenS\" src=\"http:\/\/www.salz-exklusiv.de\/wp-content\/uploads\/AlpenS.png\" alt=\"\" width=\"270\" height=\"90\" \/><\/a><\/td>\n<td><a href=\"http:\/\/www.salz-exklusiv.de\/?page_id=535\"><img loading=\"lazy\" class=\"aligncenter size-full wp-image-453\" title=\"AndenS\" src=\"http:\/\/www.salz-exklusiv.de\/wp-content\/uploads\/AndenS.png\" alt=\"\" width=\"270\" height=\"90\" \/><\/a><\/td>\n<\/tr>\n<tr>\n<td><a href=\"http:\/\/www.salz-exklusiv.de\/?page_id=496\"><img loading=\"lazy\" class=\"aligncenter size-full wp-image-462\" title=\"PersienS\" src=\"http:\/\/www.salz-exklusiv.de\/wp-content\/uploads\/PersienS.png\" alt=\"\" width=\"270\" height=\"90\" \/><\/a><\/td>\n<td><a href=\"http:\/\/www.salz-exklusiv.de\/?page_id=514\"><img loading=\"lazy\" class=\"aligncenter size-full wp-image-458\" title=\"KarpatenS\" src=\"http:\/\/www.salz-exklusiv.de\/wp-content\/uploads\/KarpatenS.png\" alt=\"\" width=\"270\" height=\"90\" \/><\/a><\/td>\n<\/tr>\n<\/tbody>\n<\/table>\n<p>&nbsp;<\/p>\n<h1><span style=\"color: #ff6600;\">Gew\u00fcrzsalze<\/span><\/h1>\n<table>\n<tbody>\n<tr>\n<td><a href=\"http:\/\/www.salz-exklusiv.de\/?page_id=544\"><img loading=\"lazy\" class=\"aligncenter size-full wp-image-468\" title=\"SonnengesangS\" src=\"http:\/\/www.salz-exklusiv.de\/wp-content\/uploads\/SonnengesangS.png\" alt=\"\" width=\"270\" height=\"90\" \/><\/a><\/td>\n<td><a href=\"http:\/\/www.salz-exklusiv.de\/?page_id=486\"><img loading=\"lazy\" class=\"aligncenter size-full wp-image-467\" title=\"RosenS\" src=\"http:\/\/www.salz-exklusiv.de\/wp-content\/uploads\/RosenS.png\" alt=\"\" width=\"270\" height=\"90\" \/><\/a><\/td>\n<\/tr>\n<tr>\n<td><a href=\"http:\/\/www.salz-exklusiv.de\/?page_id=501\"><img loading=\"lazy\" class=\"aligncenter size-full wp-image-461\" title=\"OrangeRosmarinS\" src=\"http:\/\/www.salz-exklusiv.de\/wp-content\/uploads\/OrangeRosmarinS.png\" alt=\"\" width=\"270\" height=\"90\" \/><\/a><\/td>\n<td><a href=\"http:\/\/www.salz-exklusiv.de\/?page_id=506\"><img loading=\"lazy\" class=\"aligncenter size-full wp-image-460\" title=\"Kr\u00e4uterS\" src=\"http:\/\/www.salz-exklusiv.de\/wp-content\/uploads\/Kr\u00e4uterS.png\" alt=\"\" width=\"270\" height=\"90\" \/><\/a><\/td>\n<\/tr>\n<tr>\n<td><a href=\"http:\/\/www.salz-exklusiv.de\/?page_id=510\"><img loading=\"lazy\" class=\"aligncenter size-full wp-image-459\" title=\"KnoblauchS\" src=\"http:\/\/www.salz-exklusiv.de\/wp-content\/uploads\/KnoblauchS.png\" alt=\"\" width=\"270\" height=\"90\" \/><\/a><\/td>\n<td><a href=\"http:\/\/www.salz-exklusiv.de\/?page_id=527\"><img loading=\"lazy\" class=\"aligncenter size-full wp-image-455\" title=\"FeuerS\" src=\"http:\/\/www.salz-exklusiv.de\/wp-content\/uploads\/FeuerS.png\" alt=\"\" width=\"270\" height=\"90\" \/><\/a><\/td>\n<\/tr>\n<tr>\n<td><a href=\"http:\/\/www.salz-exklusiv.de\/?page_id=531\"><img loading=\"lazy\" class=\"aligncenter size-full wp-image-454\" title=\"CurryCocosS\" src=\"http:\/\/www.salz-exklusiv.de\/wp-content\/uploads\/CurryCocosS.png\" alt=\"\" width=\"270\" height=\"90\" \/><\/a><\/td>\n<td><a href=\"http:\/\/www.salz-exklusiv.de\/?page_id=789\"><img loading=\"lazy\" class=\"aligncenter size-full wp-image-454\" title=\"Mediterran\" src=\"http:\/\/www.salz-exklusiv.de\/wp-content\/uploads\/Mediterran.jpg\" alt=\"\" width=\"270\" height=\"90\" \/><\/a><\/td>\n<\/tr>\n<tr>\n<td><a href=\"http:\/\/www.salz-exklusiv.de\/?page_id=795\"><img loading=\"lazy\" class=\"aligncenter size-full wp-image-454\" title=\"Grill\" src=\"http:\/\/www.salz-exklusiv.de\/wp-content\/uploads\/Grill.jpg\" alt=\"\" width=\"270\" height=\"90\" \/><\/a><\/td>\n<td><a href=\"http:\/\/www.salz-exklusiv.de\/?page_id=801\"><img loading=\"lazy\" class=\"aligncenter size-full wp-image-454\" title=\"Fisch\" src=\"http:\/\/www.salz-exklusiv.de\/wp-content\/uploads\/Fisch.jpg\" alt=\"\" width=\"270\" height=\"90\" \/><\/a><\/td>\n<\/tr>\n<tr>\n<td><a href=\"http:\/\/www.salz-exklusiv.de\/?page_id=803\"><img loading=\"lazy\" class=\"aligncenter size-full wp-image-454\" title=\"Butterbrot\" src=\"http:\/\/www.salz-exklusiv.de\/wp-content\/uploads\/Butterbrot.jpg\" alt=\"\" width=\"270\" height=\"90\" \/><\/a><\/td>\n<td><\/td>\n<\/tr>\n<\/tbody>\n<\/table>\n<p><\/p>\n<h3>Viele weitere Salze sind bei uns im Salzladen erh\u00e4ltlich.<\/h3>\n","protected":false},"excerpt":{"rendered":"<p>In unserem Salzladen finden Sie eine gro\u00dfe Auswahl an Natur &#8211; Gew\u00fcrzSalzen &nbsp; Das \u201ewei\u00dfe Gold\u201c \u2013 HalitSalz bildet die Grundlage unserer Gew\u00fcrzSalze. Die Kr\u00e4uter werden weder begast noch bestrahlt oder anderweitig behandelt. Es wird kein gentechnisch ver\u00e4ndertes Saatgut verwendet. Alle Kr\u00e4uter stammen aus kontrolliert biologischem Anbau. Genie\u00dfen Sie verschiedene Gew\u00fcrzrichtungen. &nbsp; Natursalze &nbsp; Gew\u00fcrzsalze [&hellip;]<\/p>\n","protected":false},"author":1,"featured_media":0,"parent":33,"menu_order":0,"comment_status":"closed","ping_status":"closed","template":"","meta":[],"_links":{"self":[{"href":"http:\/\/www.salz-exklusiv.de\/index.php?rest_route=\/wp\/v2\/pages\/188"}],"collection":[{"href":"http:\/\/www.salz-exklusiv.de\/index.php?rest_route=\/wp\/v2\/pages"}],"about":[{"href":"http:\/\/www.salz-exklusiv.de\/index.php?rest_route=\/wp\/v2\/types\/page"}],"author":[{"embeddable":true,"href":"http:\/\/www.salz-exklusiv.de\/index.php?rest_route=\/wp\/v2\/users\/1"}],"replies":[{"embeddable":true,"href":"http:\/\/www.salz-exklusiv.de\/index.php?rest_route=%2Fwp%2Fv2%2Fcomments&post=188"}],"version-history":[{"count":77,"href":"http:\/\/www.salz-exklusiv.de\/index.php?rest_route=\/wp\/v2\/pages\/188\/revisions"}],"predecessor-version":[{"id":1010,"href":"http:\/\/www.salz-exklusiv.de\/index.php?rest_route=\/wp\/v2\/pages\/188\/revisions\/1010"}],"up":[{"embeddable":true,"href":"http:\/\/www.salz-exklusiv.de\/index.php?rest_route=\/wp\/v2\/pages\/33"}],"wp:attachment":[{"href":"http:\/\/www.salz-exklusiv.de\/index.php?rest_route=%2Fwp%2Fv2%2Fmedia&parent=188"}],"curies":[{"name":"wp","href":"https:\/\/api.w.org\/{rel}","templated":true}]}}