{"id":134,"date":"2011-11-23T05:50:07","date_gmt":"2011-11-23T05:50:07","guid":{"rendered":"http:\/\/www.salz-exklusiv.de\/?page_id=134"},"modified":"2021-07-16T15:41:58","modified_gmt":"2021-07-16T15:41:58","slug":"salarium","status":"publish","type":"page","link":"http:\/\/www.salz-exklusiv.de\/?page_id=134","title":{"rendered":"Salarium &reg; \/ Salzgrotte"},"content":{"rendered":"<p style=\"text-align: justify;\"><a href=\"http:\/\/www.salz-exklusiv.de\/wp-content\/uploads\/Salarium.png\"><img loading=\"lazy\" class=\"aligncenter size-full wp-image-310\" title=\"Salarium\" alt=\"\" src=\"http:\/\/www.salz-exklusiv.de\/wp-content\/uploads\/Salarium.png\" width=\"600\" height=\"150\" srcset=\"http:\/\/www.salz-exklusiv.de\/wp-content\/uploads\/Salarium.png 600w, http:\/\/www.salz-exklusiv.de\/wp-content\/uploads\/Salarium-300x75.png 300w\" sizes=\"(max-width: 600px) 100vw, 600px\" \/><\/a><\/p>\n<p style=\"text-align: justify;\">Entspannen Sie in einem Raum aus vielen Tonnen naturreinem Himalayasalz und lassen sich von einem einzigartigen Lichtspiel, einem von Hand gemalten Sternenhimmel und sanfter Musik verw\u00f6hnen.<\/p>\n<p style=\"text-align: justify;\">Unser <a href=\"http:\/\/www.koenigssalz.de\/salzraeume.htm\" target=\"_blank\" rel=\"noopener\">SALARIUM\u00ae<\/a> von K\u00f6nigsSalz erzeugt ein Mikroklima wie es in Salzstollen vorherrscht.<\/p>\n<p style=\"text-align: justify;\">Durch ein Solevernebelungsger\u00e4t entsteht ein salzhaltiger Nebel, der unterst\u00fctzend auf Haut- und Atemwegserkrankungen wirkt sowie die Selbstheilungskr\u00e4fte aktiviert (&#8222;vergleichbar mit einem Kurzurlaub am Meer&#8220;).<br \/> Die salzhaltige Luft ist staub- und feinstaubfrei. Alle Ger\u00e4te unterliegen der strengen Kontrolle dem MPG (Medizin-Produkte-Gesetz) und sind f\u00fcr medizinische Anwendungen zugelassen.<\/p>\n<p style=\"text-align: justify;\">Eine Sitzung dauert 45 min. Sie betreten diesen Raum in normaler bequemer Kleidung ohne Schuhe.<\/p>\n<p style=\"text-align: justify;\">F\u00fcr unsere \u201ekleinen G\u00e4ste\u201c haben wir eine Salzspielecke eingerichtet.<\/p>\n<p style=\"text-align: justify;\">Zugang ebenerdig und behindertengerecht.<\/p>\n<p style=\"text-align: justify;\">SALARIUM\u00ae ist eine eingetragene Marke von K\u00f6nigsSalz.<\/p>\n<p style=\"text-align: justify;\"><a title=\"Wirkung\" href=\"http:\/\/www.salz-exklusiv.de\/?page_id=27\">&gt;&gt; Wirkung &gt;&gt;<\/a><\/p>\n","protected":false},"excerpt":{"rendered":"<p>Entspannen Sie in einem Raum aus vielen Tonnen naturreinem Himalayasalz und lassen sich von einem einzigartigen Lichtspiel, einem von Hand gemalten Sternenhimmel und sanfter Musik verw\u00f6hnen. Unser SALARIUM\u00ae von K\u00f6nigsSalz erzeugt ein Mikroklima wie es in Salzstollen vorherrscht. Durch ein Solevernebelungsger\u00e4t entsteht ein salzhaltiger Nebel, der unterst\u00fctzend auf Haut- und Atemwegserkrankungen wirkt sowie die Selbstheilungskr\u00e4fte [&hellip;]<\/p>\n","protected":false},"author":1,"featured_media":0,"parent":0,"menu_order":1,"comment_status":"closed","ping_status":"closed","template":"","meta":[],"_links":{"self":[{"href":"http:\/\/www.salz-exklusiv.de\/index.php?rest_route=\/wp\/v2\/pages\/134"}],"collection":[{"href":"http:\/\/www.salz-exklusiv.de\/index.php?rest_route=\/wp\/v2\/pages"}],"about":[{"href":"http:\/\/www.salz-exklusiv.de\/index.php?rest_route=\/wp\/v2\/types\/page"}],"author":[{"embeddable":true,"href":"http:\/\/www.salz-exklusiv.de\/index.php?rest_route=\/wp\/v2\/users\/1"}],"replies":[{"embeddable":true,"href":"http:\/\/www.salz-exklusiv.de\/index.php?rest_route=%2Fwp%2Fv2%2Fcomments&post=134"}],"version-history":[{"count":16,"href":"http:\/\/www.salz-exklusiv.de\/index.php?rest_route=\/wp\/v2\/pages\/134\/revisions"}],"predecessor-version":[{"id":1310,"href":"http:\/\/www.salz-exklusiv.de\/index.php?rest_route=\/wp\/v2\/pages\/134\/revisions\/1310"}],"wp:attachment":[{"href":"http:\/\/www.salz-exklusiv.de\/index.php?rest_route=%2Fwp%2Fv2%2Fmedia&parent=134"}],"curies":[{"name":"wp","href":"https:\/\/api.w.org\/{rel}","templated":true}]}}