{"id":110,"date":"2011-11-23T05:24:05","date_gmt":"2011-11-23T05:24:05","guid":{"rendered":"http:\/\/www.salz-exklusiv.de\/?page_id=110"},"modified":"2025-10-31T14:35:13","modified_gmt":"2025-10-31T14:35:13","slug":"offnungszeiten","status":"publish","type":"page","link":"http:\/\/www.salz-exklusiv.de\/?page_id=110","title":{"rendered":"\u00d6ffnungszeiten"},"content":{"rendered":"<div id=\"pl-110\"  class=\"panel-layout\" ><div id=\"pg-110-0\"  class=\"panel-grid panel-has-style\" ><div id=\"oeffnungszeitenseite\" class=\"panel-row-style panel-row-style-for-110-0\" ><div id=\"pgc-110-0-0\"  class=\"panel-grid-cell\" ><div id=\"panel-110-0-0-0\" class=\"so-panel widget widget_text panel-first-child panel-last-child\" data-index=\"0\" >\t\t\t<div class=\"textwidget\"><\/div>\n\t\t<\/div><\/div><\/div><\/div><div id=\"pg-110-1\"  class=\"panel-grid panel-has-style\" ><div class=\"panel-row-style panel-row-style-for-110-1\" ><div id=\"pgc-110-1-0\"  class=\"panel-grid-cell\" ><div id=\"panel-110-1-0-0\" class=\"so-panel widget widget_text panel-first-child panel-last-child\" data-index=\"1\" ><div class=\"panel-widget-style panel-widget-style-for-110-1-0-0\" >\t\t\t<div class=\"textwidget\"><p><span style=\"color: orange; font-weight: bold; font-size: 14px; text-align: left;\">Oktober<\/span> <span style= \"font-size: 14px; text-align: left;\">bis einschlie\u00dflich<\/span> <span style=\"color: orange; font-weight: bold; font-size: 14px; text-align: left;\">M\u00e4rz<\/span><br \/>\n<strong>01.10 - 31.03<\/strong><\/p>\n<p><strong>\u00d6ffnungszeiten SALARIUM\u00ae<\/strong><\/p>\n<table>\n<tr>\n<td>Mo:<\/td>\n<td>14:00 - 20:00 Uhr<\/td>\n<\/tr>\n<tr>\n<td>Di:<\/td>\n<td>10:00 - 12:00 Uhr<\/br>14:00 - 20:00 Uhr<\/td>\n<\/tr>\n<tr>\n<td>Mi:<\/td>\n<td>10:00 - 12:00 Uhr<\/br>14:00 - 20:00 Uhr<\/td>\n<\/tr>\n<tr>\n<td>Do:<\/td>\n<td>14:00 - 20:00 Uhr<\/td>\n<\/tr>\n<tr>\n<td>Fr:<\/td>\n<td>10:00 - 12:00 Uhr<\/br>14:00 - 19:00 Uhr<\/td>\n<\/tr>\n<tr>\n<td>Sa:<\/td>\n<td>09:00 - 13:00 Uhr<\/td>\n<\/tr>\n<\/table>\n<p><strong>\u00d6ffnungszeiten Salzladen<\/strong><\/p>\n<table>\n<tr>\n<td>Mi:<\/td>\n<td>16:00 - 18:00 Uhr<\/td>\n<\/tr>\n<tr>\n<td>Sa:<\/td>\n<td>09:00 - 11:00 Uhr<\/td>\n<\/tr>\n<\/table>\n<\/div>\n\t\t<\/div><\/div><\/div><div id=\"pgc-110-1-1\"  class=\"panel-grid-cell\" ><div id=\"panel-110-1-1-0\" class=\"so-panel widget widget_text panel-first-child panel-last-child\" data-index=\"2\" ><div class=\"panel-widget-style panel-widget-style-for-110-1-1-0\" >\t\t\t<div class=\"textwidget\"><p><span style=\"color: orange; font-weight: bold; font-size: 14px; text-align: left;\">April<\/span> <span style= \"font-size: 14px; text-align: left;\">bis einschlie\u00dflich<\/span> <span style=\"color: orange; font-weight: bold; font-size: 14px; text-align: left;\">September<\/span><br \/>\n<strong>01.04 - 30.09<\/strong><\/p>\n<p><strong>\u00d6ffnungszeiten SALARIUM\u00ae<\/strong><\/p>\n<table>\n<tr>\n<td>Mo:<\/td>\n<td>14:00 - 20:00 Uhr<\/td>\n<\/tr>\n<tr>\n<td>Di:<\/td>\n<td>geschlossen<\/td>\n<\/tr>\n<tr>\n<td>Mi:<\/td>\n<td>10:00 - 12:00 Uhr<\/br>14:00 - 20:00 Uhr<\/td>\n<\/tr>\n<tr>\n<td>Do:<\/td>\n<td>geschlossen<\/td>\n<\/tr>\n<tr>\n<td>Fr:<\/td>\n<td>10:00 - 12:00 Uhr<\/br>14:00 - 19:00 Uhr<\/td>\n<\/tr>\n<tr>\n<td>Sa:<\/td>\n<td>09:00 - 11:00 Uhr<\/td>\n<\/tr>\n<\/table>\n<p><strong>\u00d6ffnungszeiten Salzladen<\/strong><\/p>\n<table>\n<tr>\n<td>Mi:<\/td>\n<td>16:00 - 18:00 Uhr<\/td>\n<\/tr>\n<tr>\n<td>Sa:<\/td>\n<td>09:00 - 11:00 Uhr<\/td>\n<\/tr>\n<\/table>\n<\/div>\n\t\t<\/div><\/div><\/div><\/div><\/div><div id=\"pg-110-2\"  class=\"panel-grid panel-has-style\" ><div id=\"oeffnungszeitenseite\" class=\"panel-row-style panel-row-style-for-110-2\" ><div id=\"pgc-110-2-0\"  class=\"panel-grid-cell\" ><div id=\"panel-110-2-0-0\" class=\"so-panel widget widget_text panel-first-child\" data-index=\"3\" >\t\t\t<div class=\"textwidget\"><p>Aktuell gelten folgende \u00d6ffnungszeiten:<\/p>\n<table>\n<tr>\n<td>Montag<\/td>\n<td>9:00 - 12:00 und 14:00 - 20:00 Uhr<\/td>\n<\/tr>\n<tr>\n<td>Mittwoch<\/td>\n<td>9:00 - 12:00 und 14:00 - 20:00 Uhr<\/td>\n<\/tr>\n<tr>\n<td>Freitag<\/td>\n<td>9:00 - 12:00 und 14:00 - 20:00 Uhr<\/td>\n<\/tr>\n<\/table>\n<\/div>\n\t\t<\/div><div id=\"panel-110-2-0-1\" class=\"so-panel widget widget_text\" data-index=\"4\" >\t\t\t<div class=\"textwidget\"><p>\u00d6ffnungszeiten Salzladen (bitte zus\u00e4tzlich vorab anrufen):<\/p>\n<table>\n<tr>\n<td>Mittwoch<\/td>\n<td>14:00 - 16:00 Uhr<\/td>\n<\/tr>\n<tr>\n<td>Freitag<\/td>\n<td>14:00 - 16:00 Uhr<\/td>\n<\/tr>\n<\/table>\n<\/div>\n\t\t<\/div><div id=\"panel-110-2-0-2\" class=\"so-panel widget widget_text panel-last-child\" data-index=\"5\" ><div class=\"panel-widget-style panel-widget-style-for-110-2-0-2\" >\t\t\t<div class=\"textwidget\"><p><strong>Termine au\u00dferhalb den \u00d6ffnungszeiten auf Anfrage.<\/strong><br \/>\nSie k\u00f6nnen sich bei uns im Salzladen, neben den oben genannten \u00d6ffnungszeiten, nat\u00fcrlich auch bei einem SALARIUM\u00ae \/ Salzgrotten-Besuch umsehen.<\/p>\n<p><span style=\"color: orange;\">ACHTUNG: Termine nur nach telefonischer Vereinbarung. Die Sitzungen beginnen immer zur vollen Stunde. Eine Anmeldung ist immer erforderlich.<\/span><\/p>\n<\/div>\n\t\t<\/div><\/div><\/div><\/div><\/div><\/div>","protected":false},"excerpt":{"rendered":"<p>Oktober bis einschlie\u00dflich M\u00e4rz 01.10 &#8211; 31.03 \u00d6ffnungszeiten SALARIUM\u00ae Mo:14:00 &#8211; 20:00 Uhr Di:10:00 &#8211; 12:00 Uhr14:00 &#8211; 20:00 Uhr Mi:10:00 &#8211; 12:00 Uhr14:00 &#8211; 20:00 Uhr Do:14:00 &#8211; 20:00 Uhr Fr:10:00 &#8211; 12:00 Uhr14:00 &#8211; 19:00 Uhr Sa:09:00 &#8211; 13:00 Uhr \u00d6ffnungszeiten Salzladen Mi:16:00 &#8211; 18:00 Uhr Sa:09:00 &#8211; 11:00 Uhr April bis einschlie\u00dflich [&hellip;]<\/p>\n","protected":false},"author":1,"featured_media":0,"parent":0,"menu_order":5,"comment_status":"closed","ping_status":"closed","template":"","meta":[],"_links":{"self":[{"href":"http:\/\/www.salz-exklusiv.de\/index.php?rest_route=\/wp\/v2\/pages\/110"}],"collection":[{"href":"http:\/\/www.salz-exklusiv.de\/index.php?rest_route=\/wp\/v2\/pages"}],"about":[{"href":"http:\/\/www.salz-exklusiv.de\/index.php?rest_route=\/wp\/v2\/types\/page"}],"author":[{"embeddable":true,"href":"http:\/\/www.salz-exklusiv.de\/index.php?rest_route=\/wp\/v2\/users\/1"}],"replies":[{"embeddable":true,"href":"http:\/\/www.salz-exklusiv.de\/index.php?rest_route=%2Fwp%2Fv2%2Fcomments&post=110"}],"version-history":[{"count":96,"href":"http:\/\/www.salz-exklusiv.de\/index.php?rest_route=\/wp\/v2\/pages\/110\/revisions"}],"predecessor-version":[{"id":1403,"href":"http:\/\/www.salz-exklusiv.de\/index.php?rest_route=\/wp\/v2\/pages\/110\/revisions\/1403"}],"wp:attachment":[{"href":"http:\/\/www.salz-exklusiv.de\/index.php?rest_route=%2Fwp%2Fv2%2Fmedia&parent=110"}],"curies":[{"name":"wp","href":"https:\/\/api.w.org\/{rel}","templated":true}]}}