{"id":1045,"date":"2015-10-26T15:43:04","date_gmt":"2015-10-26T15:43:04","guid":{"rendered":"http:\/\/www.salz-exklusiv.de\/?page_id=1045"},"modified":"2015-10-26T15:54:43","modified_gmt":"2015-10-26T15:54:43","slug":"seifen-badepralinen","status":"publish","type":"page","link":"http:\/\/www.salz-exklusiv.de\/?page_id=1045","title":{"rendered":"Seifen \/ Badepralinen"},"content":{"rendered":"<p><img src=\"http:\/\/www.salz-exklusiv.de\/wp-content\/uploads\/Badesalze.jpg\" style=\"width:100%;\"><br \/>\n<strong>Badepralinen, CremeSeifen, ShampooSeife, Rasierseife, Tierpflegeseife<\/strong><\/p>\n<p>Nat\u00fcrliche Seifen f\u00fcr das t\u00e4gliche St\u00fcck Luxus und ein unvergleichlich sch\u00f6nes Hautgef\u00fchl.<\/p>\n<p>Unsere K\u00f6nigsSalz Naturseifen sind handgesiedete, hochwertige Pflanzenseifen, die aus reinen Bio-Pflanzen\u00f6len und PersienK\u00f6nigsSalz von Hand gefertigt werden.<\/p>\n<p>Haben Sie einmal die Vorz\u00fcge einer handgemachten Seife kennengelernt, werden Sie darauf nicht mehr verzichten wollen.<\/p>\n<p>Das bei der Verseifung anfallende Glycerin, welches f\u00fcr die Haut besonders wichtig ist, bleibt, im Gegensatz zur Industrieseife, voll erhalten.<\/p>\n<p>Ein unverseifter Anteil der verwendeten pfanzlichen \u00d6le und Fette sorgt f\u00fcr zus\u00e4tzliche Pflege und wirkt so der Austrocknung der Haut entgegen.<\/p>\n<p>Es werden keinerlei k\u00fcnstliche Schaumbildner, Mineral\u00f6le oder Konservierungsstoffe zugesetzt.<\/p>\n","protected":false},"excerpt":{"rendered":"<p>Badepralinen, CremeSeifen, ShampooSeife, Rasierseife, Tierpflegeseife Nat\u00fcrliche Seifen f\u00fcr das t\u00e4gliche St\u00fcck Luxus und ein unvergleichlich sch\u00f6nes Hautgef\u00fchl. Unsere K\u00f6nigsSalz Naturseifen sind handgesiedete, hochwertige Pflanzenseifen, die aus reinen Bio-Pflanzen\u00f6len und PersienK\u00f6nigsSalz von Hand gefertigt werden. Haben Sie einmal die Vorz\u00fcge einer handgemachten Seife kennengelernt, werden Sie darauf nicht mehr verzichten wollen. Das bei der Verseifung anfallende [&hellip;]<\/p>\n","protected":false},"author":1,"featured_media":0,"parent":33,"menu_order":0,"comment_status":"closed","ping_status":"closed","template":"","meta":[],"_links":{"self":[{"href":"http:\/\/www.salz-exklusiv.de\/index.php?rest_route=\/wp\/v2\/pages\/1045"}],"collection":[{"href":"http:\/\/www.salz-exklusiv.de\/index.php?rest_route=\/wp\/v2\/pages"}],"about":[{"href":"http:\/\/www.salz-exklusiv.de\/index.php?rest_route=\/wp\/v2\/types\/page"}],"author":[{"embeddable":true,"href":"http:\/\/www.salz-exklusiv.de\/index.php?rest_route=\/wp\/v2\/users\/1"}],"replies":[{"embeddable":true,"href":"http:\/\/www.salz-exklusiv.de\/index.php?rest_route=%2Fwp%2Fv2%2Fcomments&post=1045"}],"version-history":[{"count":2,"href":"http:\/\/www.salz-exklusiv.de\/index.php?rest_route=\/wp\/v2\/pages\/1045\/revisions"}],"predecessor-version":[{"id":1051,"href":"http:\/\/www.salz-exklusiv.de\/index.php?rest_route=\/wp\/v2\/pages\/1045\/revisions\/1051"}],"up":[{"embeddable":true,"href":"http:\/\/www.salz-exklusiv.de\/index.php?rest_route=\/wp\/v2\/pages\/33"}],"wp:attachment":[{"href":"http:\/\/www.salz-exklusiv.de\/index.php?rest_route=%2Fwp%2Fv2%2Fmedia&parent=1045"}],"curies":[{"name":"wp","href":"https:\/\/api.w.org\/{rel}","templated":true}]}}